{"id":4784,"date":"2020-12-19T20:36:33","date_gmt":"2020-12-19T19:36:33","guid":{"rendered":"http:\/\/proelium.si\/?page_id=4784"},"modified":"2023-07-24T13:51:09","modified_gmt":"2023-07-24T12:51:09","slug":"podpora","status":"publish","type":"page","link":"http:\/\/proelium.si\/en\/podpora\/","title":{"rendered":"Podpora"},"content":{"rendered":"<p><div class=\"fusion-fullwidth fullwidth-box fusion-builder-row-1 fusion-flex-container nonhundred-percent-fullwidth non-hundred-percent-height-scrolling\" style=\"--awb-border-radius-top-left:0px;--awb-border-radius-top-right:0px;--awb-border-radius-bottom-right:0px;--awb-border-radius-bottom-left:0px;--awb-flex-wrap:wrap;\" ><div class=\"fusion-builder-row fusion-row fusion-flex-align-items-flex-start fusion-flex-content-wrap\" style=\"max-width:1216.8px;margin-left: calc(-4% \/ 2 );margin-right: calc(-4% \/ 2 );\"><div class=\"fusion-layout-column fusion_builder_column fusion-builder-column-0 fusion_builder_column_1_1 1_1 fusion-flex-column\" style=\"--awb-bg-size:cover;--awb-width-large:100%;--awb-margin-top-large:0px;--awb-spacing-right-large:1.92%;--awb-margin-bottom-large:20px;--awb-spacing-left-large:1.92%;--awb-width-medium:100%;--awb-order-medium:0;--awb-spacing-right-medium:1.92%;--awb-spacing-left-medium:1.92%;--awb-width-small:100%;--awb-order-small:0;--awb-spacing-right-small:1.92%;--awb-margin-bottom-small:0px;--awb-spacing-left-small:1.92%;\"><div class=\"fusion-column-wrapper fusion-column-has-shadow fusion-flex-justify-content-flex-start fusion-content-layout-column\"><div class=\"fusion-text fusion-text-1\"><h3 style=\"text-align: center;\">KAK\u0160NO PODPORO VAM NUDIMO?<\/h3>\n<\/div><\/div><\/div><\/div><\/div><div class=\"fusion-fullwidth fullwidth-box fusion-builder-row-2 fusion-flex-container nonhundred-percent-fullwidth non-hundred-percent-height-scrolling fusion-no-small-visibility\" style=\"--awb-border-radius-top-left:0px;--awb-border-radius-top-right:0px;--awb-border-radius-bottom-right:0px;--awb-border-radius-bottom-left:0px;--awb-padding-bottom:20px;--awb-flex-wrap:wrap;\" ><div class=\"fusion-builder-row fusion-row fusion-flex-align-items-center fusion-flex-justify-content-center fusion-flex-content-wrap\" style=\"max-width:1216.8px;margin-left: calc(-4% \/ 2 );margin-right: calc(-4% \/ 2 );\"><div class=\"fusion-layout-column fusion_builder_column fusion-builder-column-1 fusion_builder_column_2_3 2_3 fusion-flex-column\" style=\"--awb-bg-size:cover;--awb-width-large:66.666666666667%;--awb-margin-top-large:0px;--awb-spacing-right-large:2.88%;--awb-margin-bottom-large:20px;--awb-spacing-left-large:2.88%;--awb-width-medium:100%;--awb-order-medium:0;--awb-spacing-right-medium:1.92%;--awb-spacing-left-medium:1.92%;--awb-width-small:100%;--awb-order-small:0;--awb-spacing-right-small:1.92%;--awb-margin-bottom-small:0px;--awb-spacing-left-small:1.92%;\"><div class=\"fusion-column-wrapper fusion-column-has-shadow fusion-flex-justify-content-flex-start fusion-content-layout-column\"><div class=\"fusion-text fusion-text-2\"><ul>\n<li>Ustvarjamo va\u0161 branding in skrbimo za va\u0161o prepoznavnost,<\/li>\n<li>urejamo in skrbimo za va\u0161a dru\u017ebena omre\u017eja (FB, Instagram, Twitter, Linkedin, \u2026),<\/li>\n<li>izdelamo vam spletno stran (urejanje, objava novic, multimedijski portal, \u2026),<\/li>\n<li>organiziramo novinarske konference,<\/li>\n<li>komuniciramo z mediji,<\/li>\n<li>skrbimo za va\u0161 marketing (iskanje pokroviteljev),<\/li>\n<li>skrbimo za va\u0161e izjave (tiskani medije, portali, radio, TV, \u2026),<\/li>\n<li>za vas ustvarjamo kreativne in druga\u010dne zgodbe,<\/li>\n<li>nau\u010dimo vas kako odgovarajti medijem na novinarska vpra\u0161anja in kako nastopati pred kamero,<\/li>\n<li>poskrbimo, da imate dobro psiholo\u0161ko pripravo (psiholog),<\/li>\n<li>poskrbimo, da ste fizi\u010dno pripravljeni (osebni, kondicijski trener),<\/li>\n<li>poskrbimo za va\u0161o hrano (prehranska dopolnila),<\/li>\n<li>organiziramo poslovne dogodke (dru\u017eenja strank \u2013 \u0161portnikov, ekip, podjetij, \u2026),<\/li>\n<li>poskrbimo, da ste vklju\u010deni v dobrodelne projekte,<\/li>\n<li>pomagamo vam pri opravljanju z osebnimi financami,<\/li>\n<li>za vas pripravljamo in urejamo pogodbe,<\/li>\n<li>povezujemo vas z drugimi \u0161portniki,<\/li>\n<li>krijemo vam hrbet,<\/li>\n<li>poskrbimo za miren odhod v \u0161portni pokoj.<\/li>\n<\/ul>\n<\/div><\/div><\/div><div class=\"fusion-layout-column fusion_builder_column fusion-builder-column-2 fusion_builder_column_1_3 1_3 fusion-flex-column\" style=\"--awb-bg-size:cover;--awb-width-large:33.333333333333%;--awb-margin-top-large:0px;--awb-spacing-right-large:5.76%;--awb-margin-bottom-large:20px;--awb-spacing-left-large:5.76%;--awb-width-medium:100%;--awb-order-medium:0;--awb-spacing-right-medium:1.92%;--awb-spacing-left-medium:1.92%;--awb-width-small:100%;--awb-order-small:0;--awb-spacing-right-small:1.92%;--awb-spacing-left-small:1.92%;\"><div class=\"fusion-column-wrapper fusion-column-has-shadow fusion-flex-justify-content-flex-start fusion-content-layout-column\"><div class=\"fusion-image-element\" style=\"--awb-caption-title-font-family:var(--h2_typography-font-family);--awb-caption-title-font-weight:var(--h2_typography-font-weight);--awb-caption-title-font-style:var(--h2_typography-font-style);--awb-caption-title-size:var(--h2_typography-font-size);--awb-caption-title-transform:var(--h2_typography-text-transform);--awb-caption-title-line-height:var(--h2_typography-line-height);--awb-caption-title-letter-spacing:var(--h2_typography-letter-spacing);\"><span class=\"fusion-imageframe imageframe-none imageframe-1 hover-type-none\"><img decoding=\"async\" width=\"1709\" height=\"2560\" title=\"_lanina_rok_052\" src=\"http:\/\/proelium.si\/wp-content\/uploads\/2020\/12\/lanina_rok_052-scaled.jpg\" alt class=\"img-responsive wp-image-5228\" srcset=\"https:\/\/proelium.si\/wp-content\/uploads\/2020\/12\/lanina_rok_052-200x300.jpg 200w, https:\/\/proelium.si\/wp-content\/uploads\/2020\/12\/lanina_rok_052-400x599.jpg 400w, https:\/\/proelium.si\/wp-content\/uploads\/2020\/12\/lanina_rok_052-600x899.jpg 600w, https:\/\/proelium.si\/wp-content\/uploads\/2020\/12\/lanina_rok_052-800x1198.jpg 800w, https:\/\/proelium.si\/wp-content\/uploads\/2020\/12\/lanina_rok_052-1200x1797.jpg 1200w, https:\/\/proelium.si\/wp-content\/uploads\/2020\/12\/lanina_rok_052-scaled.jpg 1709w\" sizes=\"(max-width: 1024px) 100vw, (max-width: 640px) 100vw, 400px\" \/><\/span><\/div><\/div><\/div><\/div><\/div><div class=\"fusion-fullwidth fullwidth-box fusion-builder-row-3 fusion-flex-container hundred-percent-fullwidth non-hundred-percent-height-scrolling fusion-no-medium-visibility fusion-no-large-visibility\" style=\"--awb-border-radius-top-left:0px;--awb-border-radius-top-right:0px;--awb-border-radius-bottom-right:0px;--awb-border-radius-bottom-left:0px;--awb-padding-right:0px;--awb-padding-bottom:0px;--awb-padding-left:0px;--awb-flex-wrap:wrap;\" ><div class=\"fusion-builder-row fusion-row fusion-flex-align-items-center fusion-flex-justify-content-center fusion-flex-content-wrap\" style=\"width:104% !important;max-width:104% !important;margin-left: calc(-4% \/ 2 );margin-right: calc(-4% \/ 2 );\"><div class=\"fusion-layout-column fusion_builder_column fusion-builder-column-3 fusion_builder_column_2_3 2_3 fusion-flex-column\" style=\"--awb-padding-right:10px;--awb-bg-size:cover;--awb-width-large:66.666666666667%;--awb-margin-top-large:0px;--awb-spacing-right-large:2.88%;--awb-margin-bottom-large:20px;--awb-spacing-left-large:2.88%;--awb-width-medium:100%;--awb-order-medium:0;--awb-spacing-right-medium:1.92%;--awb-spacing-left-medium:1.92%;--awb-width-small:100%;--awb-order-small:0;--awb-spacing-right-small:1.92%;--awb-margin-bottom-small:0px;--awb-spacing-left-small:1.92%;\"><div class=\"fusion-column-wrapper fusion-column-has-shadow fusion-flex-justify-content-flex-start fusion-content-layout-column\"><div class=\"fusion-text fusion-text-3\" style=\"--awb-line-height:1.5;\"><ul>\n<li>Ustvarjamo va\u0161 branding in skrbimo za va\u0161o prepoznavnost,<\/li>\n<li>urejamo in skrbimo za va\u0161a dru\u017ebena omre\u017eja (FB, Instagram, Twitter, Linkedin, \u2026),<\/li>\n<li>izdelamo vam spletno stran (urejanje, objava novic, multimedijski portal, \u2026),<\/li>\n<li>organiziramo novinarske konference,<\/li>\n<li>komuniciramo z mediji,<\/li>\n<li>skrbimo za va\u0161 marketing (iskanje pokroviteljev),<\/li>\n<li>skrbimo za va\u0161e izjave (tiskani medije, portali, radio, TV, \u2026),<\/li>\n<li>za vas ustvarjamo kreativne in druga\u010dne zgodbe,<\/li>\n<li>nau\u010dimo vas kako odgovarajti medijem na novinarska vpra\u0161anja in kako nastopati pred kamero,<\/li>\n<li>poskrbimo, da imate dobro psiholo\u0161ko pripravo (psiholog),<\/li>\n<li>poskrbimo, da ste fizi\u010dno pripravljeni (osebni, kondicijski trener),<\/li>\n<li>poskrbimo za va\u0161o hrano (prehranska dopolnila),<\/li>\n<li>organiziramo poslovne dogodke (dru\u017eenja strank \u2013 \u0161portnikov, ekip, podjetij, \u2026),<\/li>\n<li>poskrbimo, da ste vklju\u010deni v dobrodelne projekte,<\/li>\n<li>pomagamo vam pri opravljanju z osebnimi financami,<\/li>\n<li>za vas pripravljamo in urejamo pogodbe,<\/li>\n<li>povezujemo vas z drugimi \u0161portniki,<\/li>\n<li>krijemo vam hrbet,<\/li>\n<li>poskrbimo za miren odhod v \u0161portni pokoj.<\/li>\n<\/ul>\n<\/div><\/div><\/div><div class=\"fusion-layout-column fusion_builder_column fusion-builder-column-4 fusion_builder_column_1_3 1_3 fusion-flex-column\" style=\"--awb-bg-size:cover;--awb-width-large:33.333333333333%;--awb-margin-top-large:0px;--awb-spacing-right-large:5.76%;--awb-margin-bottom-large:0px;--awb-spacing-left-large:5.76%;--awb-width-medium:100%;--awb-order-medium:0;--awb-spacing-right-medium:1.92%;--awb-spacing-left-medium:1.92%;--awb-width-small:100%;--awb-order-small:0;--awb-spacing-right-small:1.92%;--awb-spacing-left-small:1.92%;\"><div class=\"fusion-column-wrapper fusion-column-has-shadow fusion-flex-justify-content-flex-start fusion-content-layout-column\"><div class=\"fusion-image-element\" style=\"--awb-caption-title-font-family:var(--h2_typography-font-family);--awb-caption-title-font-weight:var(--h2_typography-font-weight);--awb-caption-title-font-style:var(--h2_typography-font-style);--awb-caption-title-size:var(--h2_typography-font-size);--awb-caption-title-transform:var(--h2_typography-text-transform);--awb-caption-title-line-height:var(--h2_typography-line-height);--awb-caption-title-letter-spacing:var(--h2_typography-letter-spacing);\"><span class=\"fusion-imageframe imageframe-none imageframe-2 hover-type-none\"><img decoding=\"async\" width=\"1709\" height=\"2560\" title=\"_lanina_rok_052\" src=\"http:\/\/proelium.si\/wp-content\/uploads\/2020\/12\/lanina_rok_052-scaled.jpg\" alt class=\"img-responsive wp-image-5228\" srcset=\"https:\/\/proelium.si\/wp-content\/uploads\/2020\/12\/lanina_rok_052-200x300.jpg 200w, https:\/\/proelium.si\/wp-content\/uploads\/2020\/12\/lanina_rok_052-400x599.jpg 400w, https:\/\/proelium.si\/wp-content\/uploads\/2020\/12\/lanina_rok_052-600x899.jpg 600w, https:\/\/proelium.si\/wp-content\/uploads\/2020\/12\/lanina_rok_052-800x1198.jpg 800w, https:\/\/proelium.si\/wp-content\/uploads\/2020\/12\/lanina_rok_052-1200x1797.jpg 1200w, https:\/\/proelium.si\/wp-content\/uploads\/2020\/12\/lanina_rok_052-scaled.jpg 1709w\" sizes=\"(max-width: 1024px) 100vw, (max-width: 640px) 100vw, 400px\" \/><\/span><\/div><\/div><\/div><\/div><\/div><\/p>","protected":false},"excerpt":{"rendered":"","protected":false},"author":1,"featured_media":0,"parent":0,"menu_order":0,"comment_status":"closed","ping_status":"closed","template":"100-width.php","meta":{"footnotes":""},"class_list":["post-4784","page","type-page","status-publish","hentry"],"yoast_head":"<!-- This site is optimized with the Yoast SEO plugin v26.6 - https:\/\/yoast.com\/wordpress\/plugins\/seo\/ -->\n<title>Podpora - Proelium<\/title>\n<meta name=\"robots\" content=\"index, follow, max-snippet:-1, max-image-preview:large, max-video-preview:-1\" \/>\n<link rel=\"canonical\" href=\"http:\/\/proelium.si\/en\/podpora\/\" \/>\n<meta property=\"og:locale\" content=\"en_GB\" \/>\n<meta property=\"og:type\" content=\"article\" \/>\n<meta property=\"og:title\" content=\"Podpora - Proelium\" \/>\n<meta property=\"og:url\" content=\"http:\/\/proelium.si\/en\/podpora\/\" \/>\n<meta property=\"og:site_name\" content=\"Proelium\" \/>\n<meta property=\"article:publisher\" content=\"https:\/\/www.facebook.com\/proeliumsportsagency\" \/>\n<meta property=\"article:modified_time\" content=\"2023-07-24T12:51:09+00:00\" \/>\n<meta name=\"twitter:card\" content=\"summary_large_image\" \/>\n<meta name=\"twitter:site\" content=\"@proeliumagency\" \/>\n<meta name=\"twitter:label1\" content=\"Estimated reading time\" \/>\n\t<meta name=\"twitter:data1\" content=\"8 minutes\" \/>\n<script type=\"application\/ld+json\" class=\"yoast-schema-graph\">{\"@context\":\"https:\/\/schema.org\",\"@graph\":[{\"@type\":\"WebPage\",\"@id\":\"http:\/\/proelium.si\/en\/podpora\/\",\"url\":\"http:\/\/proelium.si\/en\/podpora\/\",\"name\":\"Podpora - Proelium\",\"isPartOf\":{\"@id\":\"http:\/\/proelium.si\/en\/#website\"},\"datePublished\":\"2020-12-19T19:36:33+00:00\",\"dateModified\":\"2023-07-24T12:51:09+00:00\",\"breadcrumb\":{\"@id\":\"http:\/\/proelium.si\/en\/podpora\/#breadcrumb\"},\"inLanguage\":\"en-GB\",\"potentialAction\":[{\"@type\":\"ReadAction\",\"target\":[\"http:\/\/proelium.si\/en\/podpora\/\"]}]},{\"@type\":\"BreadcrumbList\",\"@id\":\"http:\/\/proelium.si\/en\/podpora\/#breadcrumb\",\"itemListElement\":[{\"@type\":\"ListItem\",\"position\":1,\"name\":\"Home\",\"item\":\"https:\/\/proelium.si\/\"},{\"@type\":\"ListItem\",\"position\":2,\"name\":\"Podpora\"}]},{\"@type\":\"WebSite\",\"@id\":\"http:\/\/proelium.si\/en\/#website\",\"url\":\"http:\/\/proelium.si\/en\/\",\"name\":\"Proelium\",\"description\":\"Proelium\",\"publisher\":{\"@id\":\"http:\/\/proelium.si\/en\/#organization\"},\"potentialAction\":[{\"@type\":\"SearchAction\",\"target\":{\"@type\":\"EntryPoint\",\"urlTemplate\":\"http:\/\/proelium.si\/en\/?s={search_term_string}\"},\"query-input\":{\"@type\":\"PropertyValueSpecification\",\"valueRequired\":true,\"valueName\":\"search_term_string\"}}],\"inLanguage\":\"en-GB\"},{\"@type\":\"Organization\",\"@id\":\"http:\/\/proelium.si\/en\/#organization\",\"name\":\"\u0160portna agencija Proelium\",\"url\":\"http:\/\/proelium.si\/en\/\",\"logo\":{\"@type\":\"ImageObject\",\"inLanguage\":\"en-GB\",\"@id\":\"http:\/\/proelium.si\/en\/#\/schema\/logo\/image\/\",\"url\":\"https:\/\/proelium.si\/wp-content\/uploads\/2020\/12\/Logo-Agency.png\",\"contentUrl\":\"https:\/\/proelium.si\/wp-content\/uploads\/2020\/12\/Logo-Agency.png\",\"width\":1193,\"height\":346,\"caption\":\"\u0160portna agencija Proelium\"},\"image\":{\"@id\":\"http:\/\/proelium.si\/en\/#\/schema\/logo\/image\/\"},\"sameAs\":[\"https:\/\/www.facebook.com\/proeliumsportsagency\",\"https:\/\/x.com\/proeliumagency\"]}]}<\/script>\n<!-- \/ Yoast SEO plugin. -->","yoast_head_json":{"title":"Podpora - Proelium","robots":{"index":"index","follow":"follow","max-snippet":"max-snippet:-1","max-image-preview":"max-image-preview:large","max-video-preview":"max-video-preview:-1"},"canonical":"http:\/\/proelium.si\/en\/podpora\/","og_locale":"en_GB","og_type":"article","og_title":"Podpora - Proelium","og_url":"http:\/\/proelium.si\/en\/podpora\/","og_site_name":"Proelium","article_publisher":"https:\/\/www.facebook.com\/proeliumsportsagency","article_modified_time":"2023-07-24T12:51:09+00:00","twitter_card":"summary_large_image","twitter_site":"@proeliumagency","twitter_misc":{"Estimated reading time":"8 minutes"},"schema":{"@context":"https:\/\/schema.org","@graph":[{"@type":"WebPage","@id":"http:\/\/proelium.si\/en\/podpora\/","url":"http:\/\/proelium.si\/en\/podpora\/","name":"Podpora - Proelium","isPartOf":{"@id":"http:\/\/proelium.si\/en\/#website"},"datePublished":"2020-12-19T19:36:33+00:00","dateModified":"2023-07-24T12:51:09+00:00","breadcrumb":{"@id":"http:\/\/proelium.si\/en\/podpora\/#breadcrumb"},"inLanguage":"en-GB","potentialAction":[{"@type":"ReadAction","target":["http:\/\/proelium.si\/en\/podpora\/"]}]},{"@type":"BreadcrumbList","@id":"http:\/\/proelium.si\/en\/podpora\/#breadcrumb","itemListElement":[{"@type":"ListItem","position":1,"name":"Home","item":"https:\/\/proelium.si\/"},{"@type":"ListItem","position":2,"name":"Podpora"}]},{"@type":"WebSite","@id":"http:\/\/proelium.si\/en\/#website","url":"http:\/\/proelium.si\/en\/","name":"Proelium","description":"Proelium","publisher":{"@id":"http:\/\/proelium.si\/en\/#organization"},"potentialAction":[{"@type":"SearchAction","target":{"@type":"EntryPoint","urlTemplate":"http:\/\/proelium.si\/en\/?s={search_term_string}"},"query-input":{"@type":"PropertyValueSpecification","valueRequired":true,"valueName":"search_term_string"}}],"inLanguage":"en-GB"},{"@type":"Organization","@id":"http:\/\/proelium.si\/en\/#organization","name":"\u0160portna agencija Proelium","url":"http:\/\/proelium.si\/en\/","logo":{"@type":"ImageObject","inLanguage":"en-GB","@id":"http:\/\/proelium.si\/en\/#\/schema\/logo\/image\/","url":"https:\/\/proelium.si\/wp-content\/uploads\/2020\/12\/Logo-Agency.png","contentUrl":"https:\/\/proelium.si\/wp-content\/uploads\/2020\/12\/Logo-Agency.png","width":1193,"height":346,"caption":"\u0160portna agencija Proelium"},"image":{"@id":"http:\/\/proelium.si\/en\/#\/schema\/logo\/image\/"},"sameAs":["https:\/\/www.facebook.com\/proeliumsportsagency","https:\/\/x.com\/proeliumagency"]}]}},"_links":{"self":[{"href":"http:\/\/proelium.si\/en\/wp-json\/wp\/v2\/pages\/4784","targetHints":{"allow":["GET"]}}],"collection":[{"href":"http:\/\/proelium.si\/en\/wp-json\/wp\/v2\/pages"}],"about":[{"href":"http:\/\/proelium.si\/en\/wp-json\/wp\/v2\/types\/page"}],"author":[{"embeddable":true,"href":"http:\/\/proelium.si\/en\/wp-json\/wp\/v2\/users\/1"}],"replies":[{"embeddable":true,"href":"http:\/\/proelium.si\/en\/wp-json\/wp\/v2\/comments?post=4784"}],"version-history":[{"count":28,"href":"http:\/\/proelium.si\/en\/wp-json\/wp\/v2\/pages\/4784\/revisions"}],"predecessor-version":[{"id":11106,"href":"http:\/\/proelium.si\/en\/wp-json\/wp\/v2\/pages\/4784\/revisions\/11106"}],"wp:attachment":[{"href":"http:\/\/proelium.si\/en\/wp-json\/wp\/v2\/media?parent=4784"}],"curies":[{"name":"wp","href":"https:\/\/api.w.org\/{rel}","templated":true}]}}