{"id":4807,"date":"2020-12-19T22:21:28","date_gmt":"2020-12-19T21:21:28","guid":{"rendered":"http:\/\/proelium.si\/?page_id=4807"},"modified":"2023-10-20T21:12:03","modified_gmt":"2023-10-20T20:12:03","slug":"marcostavares","status":"publish","type":"page","link":"http:\/\/proelium.si\/en\/marcostavares\/","title":{"rendered":"Marcos Tavares"},"content":{"rendered":"<p><div class=\"fusion-fullwidth fullwidth-box fusion-builder-row-1 fusion-flex-container has-pattern-background has-mask-background nonhundred-percent-fullwidth non-hundred-percent-height-scrolling fusion-no-small-visibility\" style=\"--link_color: rgba(16,20,39,0);--awb-border-radius-top-left:0px;--awb-border-radius-top-right:0px;--awb-border-radius-bottom-right:0px;--awb-border-radius-bottom-left:0px;--awb-flex-wrap:wrap;\" ><div class=\"fusion-builder-row fusion-row fusion-flex-align-items-flex-start fusion-flex-content-wrap\" style=\"max-width:1216.8px;margin-left: calc(-4% \/ 2 );margin-right: calc(-4% \/ 2 );\"><div class=\"fusion-layout-column fusion_builder_column fusion-builder-column-0 fusion_builder_column_1_1 1_1 fusion-flex-column\" style=\"--awb-bg-size:cover;--awb-width-large:100%;--awb-margin-top-large:0px;--awb-spacing-right-large:1.92%;--awb-margin-bottom-large:20px;--awb-spacing-left-large:1.92%;--awb-width-medium:100%;--awb-order-medium:0;--awb-spacing-right-medium:1.92%;--awb-spacing-left-medium:1.92%;--awb-width-small:100%;--awb-order-small:0;--awb-spacing-right-small:1.92%;--awb-spacing-left-small:1.92%;\"><div class=\"fusion-column-wrapper fusion-column-has-shadow fusion-flex-justify-content-flex-start fusion-content-layout-column\"><div class=\"fusion-text fusion-text-1\" style=\"--awb-font-size:1px;--awb-text-color:rgba(16,20,39,0);\"><p><a href=\"https:\/\/proelium.si\/en\/marcostavares\/\">Marcos Tavares<\/a><\/p>\n<\/div><div class=\"fusion-text fusion-text-2\"><h3 style=\"text-align: center;\"><strong>MARCOS TAVARES, nogomet, upokojen<\/strong><\/h3>\n<p style=\"text-align: center;\">30. marec 1984<\/p>\n<p style=\"text-align: center;\"><em>&#8220;Vsak \u0161portnik potrebuje na svoji \u0161portni poti ekipo katera mu pomaga. \u0160portna agencija Proelium mi pomaga prakti\u010dno na vseh segmentih izven nogometnih igri\u0161\u010d. Pomagajo mi z objavami na dru\u017ebenih omre\u017ejih in vsebino, skrbijo za pojavljanje v medijih, za moje pogodbe ter kontakt s podjetji in sponzorstva. Prav tako mi pomagajo, da se povezujem z razli\u010dnimi strokovnjaki kot so \u0161portni psiholog, nutricist, \u2026 Kdo ve, kaj vse bi dosegel \u010de bi imel njihovo pomo\u010d \u017ee na za\u010detku moje kariere.&#8221;<\/em><\/p>\n<\/div><\/div><\/div><\/div><\/div><div class=\"fusion-fullwidth fullwidth-box fusion-builder-row-2 fusion-flex-container nonhundred-percent-fullwidth non-hundred-percent-height-scrolling fusion-no-medium-visibility fusion-no-large-visibility\" style=\"--awb-border-radius-top-left:0px;--awb-border-radius-top-right:0px;--awb-border-radius-bottom-right:0px;--awb-border-radius-bottom-left:0px;--awb-padding-bottom:0px;--awb-flex-wrap:wrap;\" ><div class=\"fusion-builder-row fusion-row fusion-flex-align-items-flex-start fusion-flex-content-wrap\" style=\"max-width:1216.8px;margin-left: calc(-4% \/ 2 );margin-right: calc(-4% \/ 2 );\"><div class=\"fusion-layout-column fusion_builder_column fusion-builder-column-1 fusion_builder_column_1_1 1_1 fusion-flex-column\" style=\"--awb-bg-size:cover;--awb-width-large:100%;--awb-margin-top-large:0px;--awb-spacing-right-large:1.92%;--awb-margin-bottom-large:20px;--awb-spacing-left-large:1.92%;--awb-width-medium:100%;--awb-order-medium:0;--awb-spacing-right-medium:1.92%;--awb-spacing-left-medium:1.92%;--awb-width-small:100%;--awb-order-small:0;--awb-spacing-right-small:1.92%;--awb-spacing-left-small:1.92%;\"><div class=\"fusion-column-wrapper fusion-column-has-shadow fusion-flex-justify-content-flex-start fusion-content-layout-column\"><div class=\"fusion-text fusion-text-3\"><h3 style=\"text-align: center;\"><strong>MARCOS TAVARES, nogomet, upokojen<\/strong><\/h3>\n<\/div><\/div><\/div><div class=\"fusion-layout-column fusion_builder_column fusion-builder-column-2 fusion_builder_column_1_1 1_1 fusion-flex-column\" style=\"--awb-bg-size:cover;--awb-width-large:100%;--awb-margin-top-large:0px;--awb-spacing-right-large:1.92%;--awb-margin-bottom-large:0px;--awb-spacing-left-large:1.92%;--awb-width-medium:100%;--awb-order-medium:0;--awb-spacing-right-medium:1.92%;--awb-spacing-left-medium:1.92%;--awb-width-small:100%;--awb-order-small:0;--awb-spacing-right-small:1.92%;--awb-spacing-left-small:1.92%;\"><div class=\"fusion-column-wrapper fusion-column-has-shadow fusion-flex-justify-content-flex-start fusion-content-layout-column\"><div class=\"fusion-text fusion-text-4\" style=\"--awb-font-size:14px;--awb-line-height:1.2;\"><p style=\"text-align: center;\">30. marec 1984<\/p>\n<p style=\"text-align: center;\"><em>&#8220;Vsak \u0161portnik potrebuje na svoji \u0161portni poti ekipo katera mu pomaga. \u0160portna agencija Proelium mi pomaga prakti\u010dno na vseh segmentih izven nogometnih igri\u0161\u010d. Pomagajo mi z objavami na dru\u017ebenih omre\u017ejih in vsebino, skrbijo za pojavljanje v medijih, za moje pogodbe ter kontakt s podjetji in sponzorstva. Prav tako mi pomagajo, da se povezujem z razli\u010dnimi strokovnjaki kot so \u0161portni psiholog, nutricist, \u2026 Kdo ve, kaj vse bi dosegel \u010de bi imel njihovo pomo\u010d \u017ee na za\u010detku moje kariere.&#8221;<\/em><\/p>\n<\/div><\/div><\/div><\/div><\/div><div class=\"fusion-fullwidth fullwidth-box fusion-builder-row-3 fusion-flex-container nonhundred-percent-fullwidth non-hundred-percent-height-scrolling\" style=\"--awb-border-radius-top-left:0px;--awb-border-radius-top-right:0px;--awb-border-radius-bottom-right:0px;--awb-border-radius-bottom-left:0px;--awb-flex-wrap:wrap;\" ><div class=\"fusion-builder-row fusion-row fusion-flex-align-items-flex-start fusion-flex-content-wrap\" style=\"max-width:1216.8px;margin-left: calc(-4% \/ 2 );margin-right: calc(-4% \/ 2 );\"><div class=\"fusion-layout-column fusion_builder_column fusion-builder-column-3 fusion_builder_column_1_1 1_1 fusion-flex-column\" style=\"--awb-bg-size:cover;--awb-width-large:100%;--awb-margin-top-large:0px;--awb-spacing-right-large:1.92%;--awb-margin-bottom-large:20px;--awb-spacing-left-large:1.92%;--awb-width-medium:100%;--awb-order-medium:0;--awb-spacing-right-medium:1.92%;--awb-spacing-left-medium:1.92%;--awb-width-small:100%;--awb-order-small:0;--awb-spacing-right-small:1.92%;--awb-spacing-left-small:1.92%;\"><div class=\"fusion-column-wrapper fusion-column-has-shadow fusion-flex-justify-content-flex-start fusion-content-layout-column\"><div class=\"fusion-image-element\" style=\"text-align:center;--awb-caption-title-font-family:var(--h2_typography-font-family);--awb-caption-title-font-weight:var(--h2_typography-font-weight);--awb-caption-title-font-style:var(--h2_typography-font-style);--awb-caption-title-size:var(--h2_typography-font-size);--awb-caption-title-transform:var(--h2_typography-text-transform);--awb-caption-title-line-height:var(--h2_typography-line-height);--awb-caption-title-letter-spacing:var(--h2_typography-letter-spacing);\"><span class=\"fusion-imageframe imageframe-none imageframe-1 hover-type-none\"><img decoding=\"async\" width=\"850\" height=\"614\" alt=\"Marcos Tavares\" title=\"Marcos Tavares\" src=\"http:\/\/proelium.si\/wp-content\/uploads\/2020\/02\/Marcos-Tavares.jpg\" class=\"img-responsive wp-image-3297\" srcset=\"https:\/\/proelium.si\/wp-content\/uploads\/2020\/02\/Marcos-Tavares-200x144.jpg 200w, https:\/\/proelium.si\/wp-content\/uploads\/2020\/02\/Marcos-Tavares-400x289.jpg 400w, https:\/\/proelium.si\/wp-content\/uploads\/2020\/02\/Marcos-Tavares-600x433.jpg 600w, https:\/\/proelium.si\/wp-content\/uploads\/2020\/02\/Marcos-Tavares-800x578.jpg 800w, https:\/\/proelium.si\/wp-content\/uploads\/2020\/02\/Marcos-Tavares.jpg 850w\" sizes=\"(max-width: 1024px) 100vw, (max-width: 640px) 100vw, 850px\" \/><\/span><\/div><\/div><\/div><\/div><\/div><div class=\"fusion-fullwidth fullwidth-box fusion-builder-row-4 fusion-flex-container nonhundred-percent-fullwidth non-hundred-percent-height-scrolling\" style=\"--link_hover_color: #ffffff;--link_color: #ffffff;--awb-border-radius-top-left:0px;--awb-border-radius-top-right:0px;--awb-border-radius-bottom-right:0px;--awb-border-radius-bottom-left:0px;--awb-padding-top:40px;--awb-padding-bottom:20px;--awb-margin-bottom-small:0px;--awb-background-color:#ffffff;--awb-flex-wrap:wrap;\" ><div class=\"fusion-builder-row fusion-row fusion-flex-align-items-center fusion-flex-justify-content-center fusion-flex-content-wrap\" style=\"max-width:1216.8px;margin-left: calc(-4% \/ 2 );margin-right: calc(-4% \/ 2 );\"><div class=\"fusion-layout-column fusion_builder_column fusion-builder-column-4 fusion_builder_column_1_6 1_6 fusion-flex-column fusion-flex-align-self-center fusion-column-inner-bg-wrapper\" style=\"--awb-inner-bg-size:cover;--awb-width-large:16.666666666667%;--awb-margin-top-large:0px;--awb-spacing-right-large:11.52%;--awb-margin-bottom-large:20px;--awb-spacing-left-large:11.52%;--awb-width-medium:100%;--awb-order-medium:0;--awb-spacing-right-medium:1.92%;--awb-spacing-left-medium:1.92%;--awb-width-small:25%;--awb-order-small:0;--awb-spacing-right-small:7.68%;--awb-margin-bottom-small:0px;--awb-spacing-left-small:7.68%;\"><span class=\"fusion-column-inner-bg hover-type-none\"><a class=\"fusion-column-anchor\" href=\"https:\/\/www.marcostavares.si\/\" rel=\"noopener noreferrer\" target=\"_blank\"><span class=\"fusion-column-inner-bg-image\"><\/span><\/a><\/span><div class=\"fusion-column-wrapper fusion-column-has-shadow fusion-flex-justify-content-center fusion-content-layout-column\"><i class=\"fb-icon-element-1 fb-icon-element fontawesome-icon fa-globe fas circle-no\" style=\"--awb-iconcolor:#101427;--awb-iconcolor-hover:#101427;--awb-font-size:20px;--awb-margin-top:0;--awb-margin-right:0;--awb-margin-bottom:0;--awb-margin-left:0;--awb-align-self:center;\"><\/i><\/div><\/div><div class=\"fusion-layout-column fusion_builder_column fusion-builder-column-5 fusion_builder_column_1_6 1_6 fusion-flex-column fusion-flex-align-self-center fusion-column-inner-bg-wrapper\" style=\"--awb-inner-bg-size:cover;--awb-width-large:16.666666666667%;--awb-margin-top-large:0px;--awb-spacing-right-large:11.52%;--awb-margin-bottom-large:20px;--awb-spacing-left-large:11.52%;--awb-width-medium:100%;--awb-order-medium:0;--awb-spacing-right-medium:1.92%;--awb-spacing-left-medium:1.92%;--awb-width-small:25%;--awb-order-small:0;--awb-spacing-right-small:7.68%;--awb-margin-bottom-small:0px;--awb-spacing-left-small:7.68%;\"><span class=\"fusion-column-inner-bg hover-type-none\"><a class=\"fusion-column-anchor\" href=\"https:\/\/www.facebook.com\/marcostavares.MT9\/\" rel=\"noopener noreferrer\" target=\"_blank\"><span class=\"fusion-column-inner-bg-image\"><\/span><\/a><\/span><div class=\"fusion-column-wrapper fusion-column-has-shadow fusion-flex-justify-content-center fusion-content-layout-column\"><i class=\"fb-icon-element-2 fb-icon-element fontawesome-icon fa-facebook-f fab circle-no\" style=\"--awb-iconcolor:#101427;--awb-iconcolor-hover:#101427;--awb-font-size:20px;--awb-margin-top:0;--awb-margin-right:0;--awb-margin-bottom:0;--awb-margin-left:0;--awb-align-self:center;\"><\/i><\/div><\/div><div class=\"fusion-layout-column fusion_builder_column fusion-builder-column-6 fusion_builder_column_1_6 1_6 fusion-flex-column fusion-flex-align-self-center fusion-column-inner-bg-wrapper\" style=\"--awb-inner-bg-size:cover;--awb-width-large:16.666666666667%;--awb-margin-top-large:0px;--awb-spacing-right-large:11.52%;--awb-margin-bottom-large:20px;--awb-spacing-left-large:11.52%;--awb-width-medium:100%;--awb-order-medium:0;--awb-spacing-right-medium:1.92%;--awb-spacing-left-medium:1.92%;--awb-width-small:25%;--awb-order-small:0;--awb-spacing-right-small:7.68%;--awb-margin-bottom-small:0px;--awb-spacing-left-small:7.68%;\"><span class=\"fusion-column-inner-bg hover-type-none\"><a class=\"fusion-column-anchor\" href=\"https:\/\/www.instagram.com\/marcostavares9\/\" rel=\"noopener noreferrer\" target=\"_blank\"><span class=\"fusion-column-inner-bg-image\"><\/span><\/a><\/span><div class=\"fusion-column-wrapper fusion-column-has-shadow fusion-flex-justify-content-center fusion-content-layout-column\"><i class=\"fb-icon-element-3 fb-icon-element fontawesome-icon fa-instagram fab circle-no\" style=\"--awb-iconcolor:#101427;--awb-iconcolor-hover:#101427;--awb-font-size:20px;--awb-margin-top:0;--awb-margin-right:0;--awb-margin-bottom:0;--awb-margin-left:0;--awb-align-self:center;\"><\/i><\/div><\/div><div class=\"fusion-layout-column fusion_builder_column fusion-builder-column-7 fusion_builder_column_1_6 1_6 fusion-flex-column fusion-flex-align-self-center fusion-column-inner-bg-wrapper\" style=\"--awb-inner-bg-size:cover;--awb-width-large:16.666666666667%;--awb-margin-top-large:0px;--awb-spacing-right-large:11.52%;--awb-margin-bottom-large:20px;--awb-spacing-left-large:11.52%;--awb-width-medium:100%;--awb-order-medium:0;--awb-spacing-right-medium:1.92%;--awb-spacing-left-medium:1.92%;--awb-width-small:25%;--awb-order-small:0;--awb-spacing-right-small:7.68%;--awb-margin-bottom-small:0px;--awb-spacing-left-small:7.68%;\"><span class=\"fusion-column-inner-bg hover-type-none\"><a class=\"fusion-column-anchor\" href=\"https:\/\/www.youtube.com\/watch?v=mKClLRJHlNU&#038;t\" rel=\"noopener noreferrer\" target=\"_blank\"><span class=\"fusion-column-inner-bg-image\"><\/span><\/a><\/span><div class=\"fusion-column-wrapper fusion-column-has-shadow fusion-flex-justify-content-center fusion-content-layout-column\"><i class=\"fb-icon-element-4 fb-icon-element fontawesome-icon fa-play fas circle-no\" style=\"--awb-iconcolor:#101427;--awb-iconcolor-hover:#101427;--awb-font-size:20px;--awb-margin-top:0;--awb-margin-right:0;--awb-margin-bottom:0;--awb-margin-left:0;--awb-align-self:center;\"><\/i><\/div><\/div><\/div><\/div><\/p>","protected":false},"excerpt":{"rendered":"","protected":false},"author":1,"featured_media":3297,"parent":0,"menu_order":0,"comment_status":"closed","ping_status":"closed","template":"","meta":{"footnotes":""},"class_list":["post-4807","page","type-page","status-publish","has-post-thumbnail","hentry"],"yoast_head":"<!-- This site is optimized with the Yoast SEO plugin v26.6 - https:\/\/yoast.com\/wordpress\/plugins\/seo\/ -->\n<title>Marcos Tavares - Proelium<\/title>\n<meta name=\"description\" content=\"Marcos Tavares, legenda slovenskega nogometa. Na tej strani najdete informacije o Marcosu, povezave in kontakte.\" \/>\n<meta name=\"robots\" content=\"index, follow, max-snippet:-1, max-image-preview:large, max-video-preview:-1\" \/>\n<link rel=\"canonical\" href=\"http:\/\/proelium.si\/en\/marcostavares\/\" \/>\n<meta property=\"og:locale\" content=\"en_GB\" \/>\n<meta property=\"og:type\" content=\"article\" \/>\n<meta property=\"og:title\" content=\"Marcos Tavares - Proelium\" \/>\n<meta property=\"og:description\" content=\"Marcos Tavares, legenda slovenskega nogometa. Na tej strani najdete informacije o Marcosu, povezave in kontakte.\" \/>\n<meta property=\"og:url\" content=\"http:\/\/proelium.si\/en\/marcostavares\/\" \/>\n<meta property=\"og:site_name\" content=\"Proelium\" \/>\n<meta property=\"article:publisher\" content=\"https:\/\/www.facebook.com\/proeliumsportsagency\" \/>\n<meta property=\"article:modified_time\" content=\"2023-10-20T20:12:03+00:00\" \/>\n<meta property=\"og:image\" content=\"https:\/\/proelium.si\/wp-content\/uploads\/2020\/02\/Marcos-Tavares.jpg\" \/>\n\t<meta property=\"og:image:width\" content=\"850\" \/>\n\t<meta property=\"og:image:height\" content=\"614\" \/>\n\t<meta property=\"og:image:type\" content=\"image\/jpeg\" \/>\n<meta name=\"twitter:card\" content=\"summary_large_image\" \/>\n<meta name=\"twitter:site\" content=\"@proeliumagency\" \/>\n<meta name=\"twitter:label1\" content=\"Estimated reading time\" \/>\n\t<meta name=\"twitter:data1\" content=\"10 minutes\" \/>\n<script type=\"application\/ld+json\" class=\"yoast-schema-graph\">{\"@context\":\"https:\/\/schema.org\",\"@graph\":[{\"@type\":\"WebPage\",\"@id\":\"http:\/\/proelium.si\/en\/marcostavares\/\",\"url\":\"http:\/\/proelium.si\/en\/marcostavares\/\",\"name\":\"Marcos Tavares - Proelium\",\"isPartOf\":{\"@id\":\"http:\/\/proelium.si\/en\/#website\"},\"primaryImageOfPage\":{\"@id\":\"http:\/\/proelium.si\/en\/marcostavares\/#primaryimage\"},\"image\":{\"@id\":\"http:\/\/proelium.si\/en\/marcostavares\/#primaryimage\"},\"thumbnailUrl\":\"https:\/\/proelium.si\/wp-content\/uploads\/2020\/02\/Marcos-Tavares.jpg\",\"datePublished\":\"2020-12-19T21:21:28+00:00\",\"dateModified\":\"2023-10-20T20:12:03+00:00\",\"description\":\"Marcos Tavares, legenda slovenskega nogometa. Na tej strani najdete informacije o Marcosu, povezave in kontakte.\",\"breadcrumb\":{\"@id\":\"http:\/\/proelium.si\/en\/marcostavares\/#breadcrumb\"},\"inLanguage\":\"en-GB\",\"potentialAction\":[{\"@type\":\"ReadAction\",\"target\":[\"http:\/\/proelium.si\/en\/marcostavares\/\"]}]},{\"@type\":\"ImageObject\",\"inLanguage\":\"en-GB\",\"@id\":\"http:\/\/proelium.si\/en\/marcostavares\/#primaryimage\",\"url\":\"https:\/\/proelium.si\/wp-content\/uploads\/2020\/02\/Marcos-Tavares.jpg\",\"contentUrl\":\"https:\/\/proelium.si\/wp-content\/uploads\/2020\/02\/Marcos-Tavares.jpg\",\"width\":850,\"height\":614},{\"@type\":\"BreadcrumbList\",\"@id\":\"http:\/\/proelium.si\/en\/marcostavares\/#breadcrumb\",\"itemListElement\":[{\"@type\":\"ListItem\",\"position\":1,\"name\":\"Home\",\"item\":\"https:\/\/proelium.si\/\"},{\"@type\":\"ListItem\",\"position\":2,\"name\":\"Marcos Tavares\"}]},{\"@type\":\"WebSite\",\"@id\":\"http:\/\/proelium.si\/en\/#website\",\"url\":\"http:\/\/proelium.si\/en\/\",\"name\":\"Proelium\",\"description\":\"Proelium\",\"publisher\":{\"@id\":\"http:\/\/proelium.si\/en\/#organization\"},\"potentialAction\":[{\"@type\":\"SearchAction\",\"target\":{\"@type\":\"EntryPoint\",\"urlTemplate\":\"http:\/\/proelium.si\/en\/?s={search_term_string}\"},\"query-input\":{\"@type\":\"PropertyValueSpecification\",\"valueRequired\":true,\"valueName\":\"search_term_string\"}}],\"inLanguage\":\"en-GB\"},{\"@type\":\"Organization\",\"@id\":\"http:\/\/proelium.si\/en\/#organization\",\"name\":\"\u0160portna agencija Proelium\",\"url\":\"http:\/\/proelium.si\/en\/\",\"logo\":{\"@type\":\"ImageObject\",\"inLanguage\":\"en-GB\",\"@id\":\"http:\/\/proelium.si\/en\/#\/schema\/logo\/image\/\",\"url\":\"https:\/\/proelium.si\/wp-content\/uploads\/2020\/12\/Logo-Agency.png\",\"contentUrl\":\"https:\/\/proelium.si\/wp-content\/uploads\/2020\/12\/Logo-Agency.png\",\"width\":1193,\"height\":346,\"caption\":\"\u0160portna agencija Proelium\"},\"image\":{\"@id\":\"http:\/\/proelium.si\/en\/#\/schema\/logo\/image\/\"},\"sameAs\":[\"https:\/\/www.facebook.com\/proeliumsportsagency\",\"https:\/\/x.com\/proeliumagency\"]}]}<\/script>\n<!-- \/ Yoast SEO plugin. -->","yoast_head_json":{"title":"Marcos Tavares - Proelium","description":"Marcos Tavares, legenda slovenskega nogometa. Na tej strani najdete informacije o Marcosu, povezave in kontakte.","robots":{"index":"index","follow":"follow","max-snippet":"max-snippet:-1","max-image-preview":"max-image-preview:large","max-video-preview":"max-video-preview:-1"},"canonical":"http:\/\/proelium.si\/en\/marcostavares\/","og_locale":"en_GB","og_type":"article","og_title":"Marcos Tavares - Proelium","og_description":"Marcos Tavares, legenda slovenskega nogometa. Na tej strani najdete informacije o Marcosu, povezave in kontakte.","og_url":"http:\/\/proelium.si\/en\/marcostavares\/","og_site_name":"Proelium","article_publisher":"https:\/\/www.facebook.com\/proeliumsportsagency","article_modified_time":"2023-10-20T20:12:03+00:00","og_image":[{"width":850,"height":614,"url":"https:\/\/proelium.si\/wp-content\/uploads\/2020\/02\/Marcos-Tavares.jpg","type":"image\/jpeg"}],"twitter_card":"summary_large_image","twitter_site":"@proeliumagency","twitter_misc":{"Estimated reading time":"10 minutes"},"schema":{"@context":"https:\/\/schema.org","@graph":[{"@type":"WebPage","@id":"http:\/\/proelium.si\/en\/marcostavares\/","url":"http:\/\/proelium.si\/en\/marcostavares\/","name":"Marcos Tavares - Proelium","isPartOf":{"@id":"http:\/\/proelium.si\/en\/#website"},"primaryImageOfPage":{"@id":"http:\/\/proelium.si\/en\/marcostavares\/#primaryimage"},"image":{"@id":"http:\/\/proelium.si\/en\/marcostavares\/#primaryimage"},"thumbnailUrl":"https:\/\/proelium.si\/wp-content\/uploads\/2020\/02\/Marcos-Tavares.jpg","datePublished":"2020-12-19T21:21:28+00:00","dateModified":"2023-10-20T20:12:03+00:00","description":"Marcos Tavares, legenda slovenskega nogometa. Na tej strani najdete informacije o Marcosu, povezave in kontakte.","breadcrumb":{"@id":"http:\/\/proelium.si\/en\/marcostavares\/#breadcrumb"},"inLanguage":"en-GB","potentialAction":[{"@type":"ReadAction","target":["http:\/\/proelium.si\/en\/marcostavares\/"]}]},{"@type":"ImageObject","inLanguage":"en-GB","@id":"http:\/\/proelium.si\/en\/marcostavares\/#primaryimage","url":"https:\/\/proelium.si\/wp-content\/uploads\/2020\/02\/Marcos-Tavares.jpg","contentUrl":"https:\/\/proelium.si\/wp-content\/uploads\/2020\/02\/Marcos-Tavares.jpg","width":850,"height":614},{"@type":"BreadcrumbList","@id":"http:\/\/proelium.si\/en\/marcostavares\/#breadcrumb","itemListElement":[{"@type":"ListItem","position":1,"name":"Home","item":"https:\/\/proelium.si\/"},{"@type":"ListItem","position":2,"name":"Marcos Tavares"}]},{"@type":"WebSite","@id":"http:\/\/proelium.si\/en\/#website","url":"http:\/\/proelium.si\/en\/","name":"Proelium","description":"Proelium","publisher":{"@id":"http:\/\/proelium.si\/en\/#organization"},"potentialAction":[{"@type":"SearchAction","target":{"@type":"EntryPoint","urlTemplate":"http:\/\/proelium.si\/en\/?s={search_term_string}"},"query-input":{"@type":"PropertyValueSpecification","valueRequired":true,"valueName":"search_term_string"}}],"inLanguage":"en-GB"},{"@type":"Organization","@id":"http:\/\/proelium.si\/en\/#organization","name":"\u0160portna agencija Proelium","url":"http:\/\/proelium.si\/en\/","logo":{"@type":"ImageObject","inLanguage":"en-GB","@id":"http:\/\/proelium.si\/en\/#\/schema\/logo\/image\/","url":"https:\/\/proelium.si\/wp-content\/uploads\/2020\/12\/Logo-Agency.png","contentUrl":"https:\/\/proelium.si\/wp-content\/uploads\/2020\/12\/Logo-Agency.png","width":1193,"height":346,"caption":"\u0160portna agencija Proelium"},"image":{"@id":"http:\/\/proelium.si\/en\/#\/schema\/logo\/image\/"},"sameAs":["https:\/\/www.facebook.com\/proeliumsportsagency","https:\/\/x.com\/proeliumagency"]}]}},"_links":{"self":[{"href":"http:\/\/proelium.si\/en\/wp-json\/wp\/v2\/pages\/4807","targetHints":{"allow":["GET"]}}],"collection":[{"href":"http:\/\/proelium.si\/en\/wp-json\/wp\/v2\/pages"}],"about":[{"href":"http:\/\/proelium.si\/en\/wp-json\/wp\/v2\/types\/page"}],"author":[{"embeddable":true,"href":"http:\/\/proelium.si\/en\/wp-json\/wp\/v2\/users\/1"}],"replies":[{"embeddable":true,"href":"http:\/\/proelium.si\/en\/wp-json\/wp\/v2\/comments?post=4807"}],"version-history":[{"count":19,"href":"http:\/\/proelium.si\/en\/wp-json\/wp\/v2\/pages\/4807\/revisions"}],"predecessor-version":[{"id":11468,"href":"http:\/\/proelium.si\/en\/wp-json\/wp\/v2\/pages\/4807\/revisions\/11468"}],"wp:featuredmedia":[{"embeddable":true,"href":"http:\/\/proelium.si\/en\/wp-json\/wp\/v2\/media\/3297"}],"wp:attachment":[{"href":"http:\/\/proelium.si\/en\/wp-json\/wp\/v2\/media?parent=4807"}],"curies":[{"name":"wp","href":"https:\/\/api.w.org\/{rel}","templated":true}]}}