{"id":4909,"date":"2020-12-22T22:31:18","date_gmt":"2020-12-22T21:31:18","guid":{"rendered":"http:\/\/proelium.si\/?page_id=4909"},"modified":"2023-03-17T21:37:20","modified_gmt":"2023-03-17T20:37:20","slug":"dominikaconc","status":"publish","type":"page","link":"http:\/\/proelium.si\/en\/dominikaconc\/","title":{"rendered":"Dominika \u010con\u010d"},"content":{"rendered":"<p><div class=\"fusion-fullwidth fullwidth-box fusion-builder-row-1 fusion-flex-container nonhundred-percent-fullwidth non-hundred-percent-height-scrolling fusion-no-small-visibility\" style=\"--awb-border-radius-top-left:0px;--awb-border-radius-top-right:0px;--awb-border-radius-bottom-right:0px;--awb-border-radius-bottom-left:0px;--awb-flex-wrap:wrap;\" ><div class=\"fusion-builder-row fusion-row fusion-flex-align-items-flex-start fusion-flex-content-wrap\" style=\"max-width:1216.8px;margin-left: calc(-4% \/ 2 );margin-right: calc(-4% \/ 2 );\"><div class=\"fusion-layout-column fusion_builder_column fusion-builder-column-0 fusion_builder_column_1_1 1_1 fusion-flex-column\" style=\"--awb-bg-size:cover;--awb-width-large:100%;--awb-margin-top-large:0px;--awb-spacing-right-large:1.92%;--awb-margin-bottom-large:20px;--awb-spacing-left-large:1.92%;--awb-width-medium:100%;--awb-order-medium:0;--awb-spacing-right-medium:1.92%;--awb-spacing-left-medium:1.92%;--awb-width-small:100%;--awb-order-small:0;--awb-spacing-right-small:1.92%;--awb-spacing-left-small:1.92%;\"><div class=\"fusion-column-wrapper fusion-column-has-shadow fusion-flex-justify-content-flex-start fusion-content-layout-column\"><div class=\"fusion-text fusion-text-1\"><h3 style=\"text-align: center;\"><strong>DOMINIKA \u010cON\u010c, nogomet<\/strong><\/h3>\n<p style=\"text-align: center;\">1. januar 1993<\/p>\n<p style=\"text-align: center;\"><em>&#8220;Res sem zelo vesela, da sem za\u010dela sodelovati s \u0161portno agencijo Proelium. V prvi vrsti naj izpostavim da je njen ustanovitelj Jan Ternjak ena izmed najbolj\u0161ih oseb, ki sem jih kdaj spoznala. V agenciji mu je uspelo zdru\u017eiti svoje ogromno srce, zagnanost, strast in veselje do tega kar po\u010dne s profesionalnostjo in ogromnim znanjem iz tega podro\u010dja. S tem mu je uspelo ustvariti agencijo najvi\u0161je kvalitete, ki pa ob enem deluje kot dru\u017eina in resni\u010dno skrbi za ljudi, ki so del nje. Skupaj z ekipo so tisti, ki celoten \u010das razmi\u0161ljajo kako mi lahko pomagajo in dvignejo vse skupaj na najvi\u0161ji nivo. Pomagajo in potiskajo me naprej do te mere, da me opominjajo ko malo zaspim ter mi vedno svetujejo kaj naj nardim za to da bom imela bolj\u0161e rezultate. Na \u010delu z Janom so mi zmeraj na voljo in za to sem jim res hvale\u017ena. V \u0160portni agenciji jim je uspelo zdru\u017eiti \u0161portnike iz razli\u010dnih \u0161portnih panog in nas tako povezati in dvigniti slovenski \u0161port na nov nivo. Od kar mi pomagajo pri PR-ju in nasplo\u0161no v vseh stvareh okoli medijev, socialnih omre\u017eij, ter sponzorjev, je opazen ogromen napredek in preskok na moji prepoznavnosti in na prepoznavnosti \u017eenskega nogometa tako v Sloveniji, kot tudi slovenskega \u017eenskega nogometa v svetu. Vse skupaj pa je \u0161ele za\u010detek in sploh ne dvomim da bomo skupaj dosegli ogromne in odmevne rezultate.&#8221;<\/em><\/p>\n<\/div><\/div><\/div><\/div><\/div><div class=\"fusion-fullwidth fullwidth-box fusion-builder-row-2 fusion-flex-container nonhundred-percent-fullwidth non-hundred-percent-height-scrolling fusion-no-medium-visibility fusion-no-large-visibility\" style=\"--awb-border-radius-top-left:0px;--awb-border-radius-top-right:0px;--awb-border-radius-bottom-right:0px;--awb-border-radius-bottom-left:0px;--awb-padding-bottom:0px;--awb-flex-wrap:wrap;\" ><div class=\"fusion-builder-row fusion-row fusion-flex-align-items-flex-start fusion-flex-content-wrap\" style=\"max-width:1216.8px;margin-left: calc(-4% \/ 2 );margin-right: calc(-4% \/ 2 );\"><div class=\"fusion-layout-column fusion_builder_column fusion-builder-column-1 fusion_builder_column_1_1 1_1 fusion-flex-column\" style=\"--awb-bg-size:cover;--awb-width-large:100%;--awb-margin-top-large:0px;--awb-spacing-right-large:1.92%;--awb-margin-bottom-large:20px;--awb-spacing-left-large:1.92%;--awb-width-medium:100%;--awb-order-medium:0;--awb-spacing-right-medium:1.92%;--awb-spacing-left-medium:1.92%;--awb-width-small:100%;--awb-order-small:0;--awb-spacing-right-small:1.92%;--awb-spacing-left-small:1.92%;\"><div class=\"fusion-column-wrapper fusion-column-has-shadow fusion-flex-justify-content-flex-start fusion-content-layout-column\"><div class=\"fusion-text fusion-text-2\"><h3 style=\"text-align: center;\"><strong>DOMINIKA \u010cON\u010c, nogomet<\/strong><\/h3>\n<\/div><\/div><\/div><div class=\"fusion-layout-column fusion_builder_column fusion-builder-column-2 fusion_builder_column_1_1 1_1 fusion-flex-column\" style=\"--awb-bg-size:cover;--awb-width-large:100%;--awb-margin-top-large:0px;--awb-spacing-right-large:1.92%;--awb-margin-bottom-large:0px;--awb-spacing-left-large:1.92%;--awb-width-medium:100%;--awb-order-medium:0;--awb-spacing-right-medium:1.92%;--awb-spacing-left-medium:1.92%;--awb-width-small:100%;--awb-order-small:0;--awb-spacing-right-small:1.92%;--awb-spacing-left-small:1.92%;\"><div class=\"fusion-column-wrapper fusion-column-has-shadow fusion-flex-justify-content-flex-start fusion-content-layout-column\"><div class=\"fusion-text fusion-text-3\" style=\"--awb-font-size:14px;--awb-line-height:1.2;\"><p style=\"text-align: center;\">1. januar 1993<\/p>\n<p style=\"text-align: center;\"><em>&#8220;Res sem zelo vesela, da sem za\u010dela sodelovati s \u0161portno agencijo Proelium. V prvi vrsti naj izpostavim da je njen ustanovitelj Jan Ternjak ena izmed najbolj\u0161ih oseb, ki sem jih kdaj spoznala. V agenciji mu je uspelo zdru\u017eiti svoje ogromno srce, zagnanost, strast in veselje do tega kar po\u010dne s profesionalnostjo in ogromnim znanjem iz tega podro\u010dja. S tem mu je uspelo ustvariti agencijo najvi\u0161je kvalitete, ki pa ob enem deluje kot dru\u017eina in resni\u010dno skrbi za ljudi, ki so del nje. Skupaj z ekipo so tisti, ki celoten \u010das razmi\u0161ljajo kako mi lahko pomagajo in dvignejo vse skupaj na najvi\u0161ji nivo. Pomagajo in potiskajo me naprej do te mere, da me opominjajo ko malo zaspim ter mi vedno svetujejo kaj naj nardim za to da bom imela bolj\u0161e rezultate. Na \u010delu z Janom so mi zmeraj na voljo in za to sem jim res hvale\u017ena. V \u0160portni agenciji jim je uspelo zdru\u017eiti \u0161portnike iz razli\u010dnih \u0161portnih panog in nas tako povezati in dvigniti slovenski \u0161port na nov nivo. Od kar mi pomagajo pri PR-ju in nasplo\u0161no v vseh stvareh okoli medijev, socialnih omre\u017eij, ter sponzorjev, je opazen ogromen napredek in preskok na moji prepoznavnosti in na prepoznavnosti \u017eenskega nogometa tako v Sloveniji, kot tudi slovenskega \u017eenskega nogometa v svetu. Vse skupaj pa je \u0161ele za\u010detek in sploh ne dvomim da bomo skupaj dosegli ogromne in odmevne rezultate.&#8221;<\/em><\/p>\n<\/div><\/div><\/div><\/div><\/div><div class=\"fusion-fullwidth fullwidth-box fusion-builder-row-3 fusion-flex-container nonhundred-percent-fullwidth non-hundred-percent-height-scrolling\" style=\"--awb-border-radius-top-left:0px;--awb-border-radius-top-right:0px;--awb-border-radius-bottom-right:0px;--awb-border-radius-bottom-left:0px;--awb-flex-wrap:wrap;\" ><div class=\"fusion-builder-row fusion-row fusion-flex-align-items-flex-start fusion-flex-content-wrap\" style=\"max-width:1216.8px;margin-left: calc(-4% \/ 2 );margin-right: calc(-4% \/ 2 );\"><div class=\"fusion-layout-column fusion_builder_column fusion-builder-column-3 fusion_builder_column_1_1 1_1 fusion-flex-column\" style=\"--awb-bg-size:cover;--awb-width-large:100%;--awb-margin-top-large:0px;--awb-spacing-right-large:1.92%;--awb-margin-bottom-large:20px;--awb-spacing-left-large:1.92%;--awb-width-medium:100%;--awb-order-medium:0;--awb-spacing-right-medium:1.92%;--awb-spacing-left-medium:1.92%;--awb-width-small:100%;--awb-order-small:0;--awb-spacing-right-small:1.92%;--awb-spacing-left-small:1.92%;\"><div class=\"fusion-column-wrapper fusion-column-has-shadow fusion-flex-justify-content-flex-start fusion-content-layout-column\"><div class=\"fusion-image-element\" style=\"text-align:center;--awb-caption-title-font-family:var(--h2_typography-font-family);--awb-caption-title-font-weight:var(--h2_typography-font-weight);--awb-caption-title-font-style:var(--h2_typography-font-style);--awb-caption-title-size:var(--h2_typography-font-size);--awb-caption-title-transform:var(--h2_typography-text-transform);--awb-caption-title-line-height:var(--h2_typography-line-height);--awb-caption-title-letter-spacing:var(--h2_typography-letter-spacing);\"><span class=\"fusion-imageframe imageframe-none imageframe-1 hover-type-none\"><img decoding=\"async\" width=\"850\" height=\"614\" title=\"Dominika Conc 1\" src=\"http:\/\/proelium.si\/wp-content\/uploads\/2020\/12\/Dominika-Conc-1.jpg\" alt class=\"img-responsive wp-image-4913\" srcset=\"https:\/\/proelium.si\/wp-content\/uploads\/2020\/12\/Dominika-Conc-1-200x144.jpg 200w, https:\/\/proelium.si\/wp-content\/uploads\/2020\/12\/Dominika-Conc-1-400x289.jpg 400w, https:\/\/proelium.si\/wp-content\/uploads\/2020\/12\/Dominika-Conc-1-600x433.jpg 600w, https:\/\/proelium.si\/wp-content\/uploads\/2020\/12\/Dominika-Conc-1-800x578.jpg 800w, https:\/\/proelium.si\/wp-content\/uploads\/2020\/12\/Dominika-Conc-1.jpg 850w\" sizes=\"(max-width: 1024px) 100vw, (max-width: 640px) 100vw, 850px\" \/><\/span><\/div><\/div><\/div><\/div><\/div><div class=\"fusion-fullwidth fullwidth-box fusion-builder-row-4 fusion-flex-container nonhundred-percent-fullwidth non-hundred-percent-height-scrolling\" style=\"--link_hover_color: #ffffff;--link_color: #ffffff;--awb-border-radius-top-left:0px;--awb-border-radius-top-right:0px;--awb-border-radius-bottom-right:0px;--awb-border-radius-bottom-left:0px;--awb-padding-top:40px;--awb-padding-bottom:20px;--awb-margin-bottom-small:0px;--awb-background-color:#ffffff;--awb-flex-wrap:wrap;\" ><div class=\"fusion-builder-row fusion-row fusion-flex-align-items-center fusion-flex-justify-content-center fusion-flex-content-wrap\" style=\"max-width:1216.8px;margin-left: calc(-4% \/ 2 );margin-right: calc(-4% \/ 2 );\"><div class=\"fusion-layout-column fusion_builder_column fusion-builder-column-4 fusion_builder_column_1_6 1_6 fusion-flex-column fusion-flex-align-self-center fusion-column-inner-bg-wrapper\" style=\"--awb-inner-bg-size:cover;--awb-width-large:16.666666666667%;--awb-margin-top-large:0px;--awb-spacing-right-large:11.52%;--awb-margin-bottom-large:20px;--awb-spacing-left-large:11.52%;--awb-width-medium:100%;--awb-order-medium:0;--awb-spacing-right-medium:1.92%;--awb-spacing-left-medium:1.92%;--awb-width-small:25%;--awb-order-small:0;--awb-spacing-right-small:7.68%;--awb-margin-bottom-small:0px;--awb-spacing-left-small:7.68%;\"><span class=\"fusion-column-inner-bg hover-type-none\"><a class=\"fusion-column-anchor\" href=\"https:\/\/www.facebook.com\/concdominika\/\" rel=\"noopener noreferrer\" target=\"_blank\"><span class=\"fusion-column-inner-bg-image\"><\/span><\/a><\/span><div class=\"fusion-column-wrapper fusion-column-has-shadow fusion-flex-justify-content-center fusion-content-layout-column\"><i class=\"fb-icon-element-1 fb-icon-element fontawesome-icon fa-facebook-f fab circle-no\" style=\"--awb-iconcolor:#101427;--awb-iconcolor-hover:#101427;--awb-font-size:20px;--awb-margin-top:0;--awb-margin-right:0;--awb-margin-bottom:0;--awb-margin-left:0;--awb-align-self:center;\"><\/i><\/div><\/div><div class=\"fusion-layout-column fusion_builder_column fusion-builder-column-5 fusion_builder_column_1_6 1_6 fusion-flex-column fusion-flex-align-self-center fusion-column-inner-bg-wrapper\" style=\"--awb-inner-bg-size:cover;--awb-width-large:16.666666666667%;--awb-margin-top-large:0px;--awb-spacing-right-large:11.52%;--awb-margin-bottom-large:20px;--awb-spacing-left-large:11.52%;--awb-width-medium:100%;--awb-order-medium:0;--awb-spacing-right-medium:1.92%;--awb-spacing-left-medium:1.92%;--awb-width-small:25%;--awb-order-small:0;--awb-spacing-right-small:7.68%;--awb-margin-bottom-small:0px;--awb-spacing-left-small:7.68%;\"><span class=\"fusion-column-inner-bg hover-type-none\"><a class=\"fusion-column-anchor\" href=\"https:\/\/www.instagram.com\/dominikaconc7\/\" rel=\"noopener noreferrer\" target=\"_blank\"><span class=\"fusion-column-inner-bg-image\"><\/span><\/a><\/span><div class=\"fusion-column-wrapper fusion-column-has-shadow fusion-flex-justify-content-center fusion-content-layout-column\"><i class=\"fb-icon-element-2 fb-icon-element fontawesome-icon fa-instagram fab circle-no\" style=\"--awb-iconcolor:#101427;--awb-iconcolor-hover:#101427;--awb-font-size:20px;--awb-margin-top:0;--awb-margin-right:0;--awb-margin-bottom:0;--awb-margin-left:0;--awb-align-self:center;\"><\/i><\/div><\/div><div class=\"fusion-layout-column fusion_builder_column fusion-builder-column-6 fusion_builder_column_1_6 1_6 fusion-flex-column fusion-flex-align-self-center fusion-column-inner-bg-wrapper\" style=\"--awb-inner-bg-size:cover;--awb-width-large:16.666666666667%;--awb-margin-top-large:0px;--awb-spacing-right-large:11.52%;--awb-margin-bottom-large:20px;--awb-spacing-left-large:11.52%;--awb-width-medium:100%;--awb-order-medium:0;--awb-spacing-right-medium:1.92%;--awb-spacing-left-medium:1.92%;--awb-width-small:25%;--awb-order-small:0;--awb-spacing-right-small:7.68%;--awb-margin-bottom-small:0px;--awb-spacing-left-small:7.68%;\"><span class=\"fusion-column-inner-bg hover-type-none\"><a class=\"fusion-column-anchor\" href=\"https:\/\/www.youtube.com\/watch?v=Dm-6yt15dq4\" rel=\"noopener noreferrer\" target=\"_blank\"><span class=\"fusion-column-inner-bg-image\"><\/span><\/a><\/span><div class=\"fusion-column-wrapper fusion-column-has-shadow fusion-flex-justify-content-center fusion-content-layout-column\"><i class=\"fb-icon-element-3 fb-icon-element fontawesome-icon fa-play fas circle-no\" style=\"--awb-iconcolor:#101427;--awb-iconcolor-hover:#101427;--awb-font-size:20px;--awb-margin-top:0;--awb-margin-right:0;--awb-margin-bottom:0;--awb-margin-left:0;--awb-align-self:center;\"><\/i><\/div><\/div><\/div><\/div><\/p>","protected":false},"excerpt":{"rendered":"","protected":false},"author":1,"featured_media":4913,"parent":0,"menu_order":0,"comment_status":"closed","ping_status":"closed","template":"","meta":{"footnotes":""},"class_list":["post-4909","page","type-page","status-publish","has-post-thumbnail","hentry"],"yoast_head":"<!-- This site is optimized with the Yoast SEO plugin v26.6 - https:\/\/yoast.com\/wordpress\/plugins\/seo\/ -->\n<title>Dominika \u010con\u010d - Proelium<\/title>\n<meta name=\"robots\" content=\"index, follow, max-snippet:-1, max-image-preview:large, max-video-preview:-1\" \/>\n<link rel=\"canonical\" href=\"http:\/\/proelium.si\/en\/dominikaconc\/\" \/>\n<meta property=\"og:locale\" content=\"en_GB\" \/>\n<meta property=\"og:type\" content=\"article\" \/>\n<meta property=\"og:title\" content=\"Dominika \u010con\u010d - Proelium\" \/>\n<meta property=\"og:url\" content=\"http:\/\/proelium.si\/en\/dominikaconc\/\" \/>\n<meta property=\"og:site_name\" content=\"Proelium\" \/>\n<meta property=\"article:publisher\" content=\"https:\/\/www.facebook.com\/proeliumsportsagency\" \/>\n<meta property=\"article:modified_time\" content=\"2023-03-17T20:37:20+00:00\" \/>\n<meta property=\"og:image\" content=\"https:\/\/proelium.si\/wp-content\/uploads\/2020\/12\/Dominika-Conc-1.jpg\" \/>\n\t<meta property=\"og:image:width\" content=\"850\" \/>\n\t<meta property=\"og:image:height\" content=\"614\" \/>\n\t<meta property=\"og:image:type\" content=\"image\/jpeg\" \/>\n<meta name=\"twitter:card\" content=\"summary_large_image\" \/>\n<meta name=\"twitter:site\" content=\"@proeliumagency\" \/>\n<meta name=\"twitter:label1\" content=\"Estimated reading time\" \/>\n\t<meta name=\"twitter:data1\" content=\"10 minutes\" \/>\n<script type=\"application\/ld+json\" class=\"yoast-schema-graph\">{\"@context\":\"https:\/\/schema.org\",\"@graph\":[{\"@type\":\"WebPage\",\"@id\":\"http:\/\/proelium.si\/en\/dominikaconc\/\",\"url\":\"http:\/\/proelium.si\/en\/dominikaconc\/\",\"name\":\"Dominika \u010con\u010d - Proelium\",\"isPartOf\":{\"@id\":\"http:\/\/proelium.si\/en\/#website\"},\"primaryImageOfPage\":{\"@id\":\"http:\/\/proelium.si\/en\/dominikaconc\/#primaryimage\"},\"image\":{\"@id\":\"http:\/\/proelium.si\/en\/dominikaconc\/#primaryimage\"},\"thumbnailUrl\":\"https:\/\/proelium.si\/wp-content\/uploads\/2020\/12\/Dominika-Conc-1.jpg\",\"datePublished\":\"2020-12-22T21:31:18+00:00\",\"dateModified\":\"2023-03-17T20:37:20+00:00\",\"breadcrumb\":{\"@id\":\"http:\/\/proelium.si\/en\/dominikaconc\/#breadcrumb\"},\"inLanguage\":\"en-GB\",\"potentialAction\":[{\"@type\":\"ReadAction\",\"target\":[\"http:\/\/proelium.si\/en\/dominikaconc\/\"]}]},{\"@type\":\"ImageObject\",\"inLanguage\":\"en-GB\",\"@id\":\"http:\/\/proelium.si\/en\/dominikaconc\/#primaryimage\",\"url\":\"https:\/\/proelium.si\/wp-content\/uploads\/2020\/12\/Dominika-Conc-1.jpg\",\"contentUrl\":\"https:\/\/proelium.si\/wp-content\/uploads\/2020\/12\/Dominika-Conc-1.jpg\",\"width\":850,\"height\":614},{\"@type\":\"BreadcrumbList\",\"@id\":\"http:\/\/proelium.si\/en\/dominikaconc\/#breadcrumb\",\"itemListElement\":[{\"@type\":\"ListItem\",\"position\":1,\"name\":\"Home\",\"item\":\"https:\/\/proelium.si\/\"},{\"@type\":\"ListItem\",\"position\":2,\"name\":\"Dominika \u010con\u010d\"}]},{\"@type\":\"WebSite\",\"@id\":\"http:\/\/proelium.si\/en\/#website\",\"url\":\"http:\/\/proelium.si\/en\/\",\"name\":\"Proelium\",\"description\":\"Proelium\",\"publisher\":{\"@id\":\"http:\/\/proelium.si\/en\/#organization\"},\"potentialAction\":[{\"@type\":\"SearchAction\",\"target\":{\"@type\":\"EntryPoint\",\"urlTemplate\":\"http:\/\/proelium.si\/en\/?s={search_term_string}\"},\"query-input\":{\"@type\":\"PropertyValueSpecification\",\"valueRequired\":true,\"valueName\":\"search_term_string\"}}],\"inLanguage\":\"en-GB\"},{\"@type\":\"Organization\",\"@id\":\"http:\/\/proelium.si\/en\/#organization\",\"name\":\"\u0160portna agencija Proelium\",\"url\":\"http:\/\/proelium.si\/en\/\",\"logo\":{\"@type\":\"ImageObject\",\"inLanguage\":\"en-GB\",\"@id\":\"http:\/\/proelium.si\/en\/#\/schema\/logo\/image\/\",\"url\":\"https:\/\/proelium.si\/wp-content\/uploads\/2020\/12\/Logo-Agency.png\",\"contentUrl\":\"https:\/\/proelium.si\/wp-content\/uploads\/2020\/12\/Logo-Agency.png\",\"width\":1193,\"height\":346,\"caption\":\"\u0160portna agencija Proelium\"},\"image\":{\"@id\":\"http:\/\/proelium.si\/en\/#\/schema\/logo\/image\/\"},\"sameAs\":[\"https:\/\/www.facebook.com\/proeliumsportsagency\",\"https:\/\/x.com\/proeliumagency\"]}]}<\/script>\n<!-- \/ Yoast SEO plugin. -->","yoast_head_json":{"title":"Dominika \u010con\u010d - Proelium","robots":{"index":"index","follow":"follow","max-snippet":"max-snippet:-1","max-image-preview":"max-image-preview:large","max-video-preview":"max-video-preview:-1"},"canonical":"http:\/\/proelium.si\/en\/dominikaconc\/","og_locale":"en_GB","og_type":"article","og_title":"Dominika \u010con\u010d - Proelium","og_url":"http:\/\/proelium.si\/en\/dominikaconc\/","og_site_name":"Proelium","article_publisher":"https:\/\/www.facebook.com\/proeliumsportsagency","article_modified_time":"2023-03-17T20:37:20+00:00","og_image":[{"width":850,"height":614,"url":"https:\/\/proelium.si\/wp-content\/uploads\/2020\/12\/Dominika-Conc-1.jpg","type":"image\/jpeg"}],"twitter_card":"summary_large_image","twitter_site":"@proeliumagency","twitter_misc":{"Estimated reading time":"10 minutes"},"schema":{"@context":"https:\/\/schema.org","@graph":[{"@type":"WebPage","@id":"http:\/\/proelium.si\/en\/dominikaconc\/","url":"http:\/\/proelium.si\/en\/dominikaconc\/","name":"Dominika \u010con\u010d - Proelium","isPartOf":{"@id":"http:\/\/proelium.si\/en\/#website"},"primaryImageOfPage":{"@id":"http:\/\/proelium.si\/en\/dominikaconc\/#primaryimage"},"image":{"@id":"http:\/\/proelium.si\/en\/dominikaconc\/#primaryimage"},"thumbnailUrl":"https:\/\/proelium.si\/wp-content\/uploads\/2020\/12\/Dominika-Conc-1.jpg","datePublished":"2020-12-22T21:31:18+00:00","dateModified":"2023-03-17T20:37:20+00:00","breadcrumb":{"@id":"http:\/\/proelium.si\/en\/dominikaconc\/#breadcrumb"},"inLanguage":"en-GB","potentialAction":[{"@type":"ReadAction","target":["http:\/\/proelium.si\/en\/dominikaconc\/"]}]},{"@type":"ImageObject","inLanguage":"en-GB","@id":"http:\/\/proelium.si\/en\/dominikaconc\/#primaryimage","url":"https:\/\/proelium.si\/wp-content\/uploads\/2020\/12\/Dominika-Conc-1.jpg","contentUrl":"https:\/\/proelium.si\/wp-content\/uploads\/2020\/12\/Dominika-Conc-1.jpg","width":850,"height":614},{"@type":"BreadcrumbList","@id":"http:\/\/proelium.si\/en\/dominikaconc\/#breadcrumb","itemListElement":[{"@type":"ListItem","position":1,"name":"Home","item":"https:\/\/proelium.si\/"},{"@type":"ListItem","position":2,"name":"Dominika \u010con\u010d"}]},{"@type":"WebSite","@id":"http:\/\/proelium.si\/en\/#website","url":"http:\/\/proelium.si\/en\/","name":"Proelium","description":"Proelium","publisher":{"@id":"http:\/\/proelium.si\/en\/#organization"},"potentialAction":[{"@type":"SearchAction","target":{"@type":"EntryPoint","urlTemplate":"http:\/\/proelium.si\/en\/?s={search_term_string}"},"query-input":{"@type":"PropertyValueSpecification","valueRequired":true,"valueName":"search_term_string"}}],"inLanguage":"en-GB"},{"@type":"Organization","@id":"http:\/\/proelium.si\/en\/#organization","name":"\u0160portna agencija Proelium","url":"http:\/\/proelium.si\/en\/","logo":{"@type":"ImageObject","inLanguage":"en-GB","@id":"http:\/\/proelium.si\/en\/#\/schema\/logo\/image\/","url":"https:\/\/proelium.si\/wp-content\/uploads\/2020\/12\/Logo-Agency.png","contentUrl":"https:\/\/proelium.si\/wp-content\/uploads\/2020\/12\/Logo-Agency.png","width":1193,"height":346,"caption":"\u0160portna agencija Proelium"},"image":{"@id":"http:\/\/proelium.si\/en\/#\/schema\/logo\/image\/"},"sameAs":["https:\/\/www.facebook.com\/proeliumsportsagency","https:\/\/x.com\/proeliumagency"]}]}},"_links":{"self":[{"href":"http:\/\/proelium.si\/en\/wp-json\/wp\/v2\/pages\/4909","targetHints":{"allow":["GET"]}}],"collection":[{"href":"http:\/\/proelium.si\/en\/wp-json\/wp\/v2\/pages"}],"about":[{"href":"http:\/\/proelium.si\/en\/wp-json\/wp\/v2\/types\/page"}],"author":[{"embeddable":true,"href":"http:\/\/proelium.si\/en\/wp-json\/wp\/v2\/users\/1"}],"replies":[{"embeddable":true,"href":"http:\/\/proelium.si\/en\/wp-json\/wp\/v2\/comments?post=4909"}],"version-history":[{"count":8,"href":"http:\/\/proelium.si\/en\/wp-json\/wp\/v2\/pages\/4909\/revisions"}],"predecessor-version":[{"id":10772,"href":"http:\/\/proelium.si\/en\/wp-json\/wp\/v2\/pages\/4909\/revisions\/10772"}],"wp:featuredmedia":[{"embeddable":true,"href":"http:\/\/proelium.si\/en\/wp-json\/wp\/v2\/media\/4913"}],"wp:attachment":[{"href":"http:\/\/proelium.si\/en\/wp-json\/wp\/v2\/media?parent=4909"}],"curies":[{"name":"wp","href":"https:\/\/api.w.org\/{rel}","templated":true}]}}