{"id":7644,"date":"2021-03-01T15:35:59","date_gmt":"2021-03-01T14:35:59","guid":{"rendered":"http:\/\/proelium.si\/?page_id=7644"},"modified":"2023-01-14T11:29:15","modified_gmt":"2023-01-14T10:29:15","slug":"splosni-pogoji","status":"publish","type":"page","link":"http:\/\/proelium.si\/en\/splosni-pogoji\/","title":{"rendered":"Splo\u0161ni pogoji"},"content":{"rendered":"<p><div class=\"fusion-fullwidth fullwidth-box fusion-builder-row-1 hundred-percent-fullwidth non-hundred-percent-height-scrolling fusion-equal-height-columns\" style=\"--awb-border-radius-top-left:0px;--awb-border-radius-top-right:0px;--awb-border-radius-bottom-right:0px;--awb-border-radius-bottom-left:0px;--awb-padding-top:0px;--awb-padding-right:0px;--awb-padding-bottom:0px;--awb-padding-left:0px;--awb-background-color:#101427;--awb-flex-wrap:wrap;\" ><div class=\"fusion-builder-row fusion-row\"><div class=\"fusion-layout-column fusion_builder_column fusion-builder-column-0 fusion_builder_column_1_1 1_1 fusion-one-full fusion-column-first fusion-column-last\" style=\"--awb-padding-top:10px;--awb-padding-bottom:10px;--awb-bg-size:cover;--awb-margin-top:10px;--awb-margin-bottom:10px;\"><div class=\"fusion-column-wrapper fusion-column-has-shadow fusion-flex-column-wrapper-legacy\"><div class=\"fusion-column-content-centered\"><div class=\"fusion-column-content\"><div class=\"fusion-text fusion-text-1\" style=\"--awb-text-color:#ffffff;\"><h5 style=\"text-align: center\">SPLO\u0160NI POGOJI<\/h5>\n<\/div><\/div><\/div><div class=\"fusion-clearfix\"><\/div><\/div><\/div><\/div><\/div><div class=\"fusion-fullwidth fullwidth-box fusion-builder-row-2 hundred-percent-fullwidth non-hundred-percent-height-scrolling\" style=\"--awb-border-radius-top-left:0px;--awb-border-radius-top-right:0px;--awb-border-radius-bottom-right:0px;--awb-border-radius-bottom-left:0px;--awb-padding-top:20px;--awb-padding-right:0px;--awb-padding-bottom:0px;--awb-padding-left:0px;--awb-background-color:#ffffff;--awb-flex-wrap:wrap;\" ><div class=\"fusion-builder-row fusion-row\"><div class=\"fusion-layout-column fusion_builder_column fusion-builder-column-1 fusion_builder_column_1_6 1_6 fusion-one-sixth fusion-column-first\" style=\"--awb-padding-top:10px;--awb-padding-bottom:10px;--awb-bg-size:cover;--awb-margin-top:10px;--awb-margin-bottom:10px;width:16.666666666667%;width:calc(16.666666666667% - ( ( 4% + 4% ) * 0.16666666666667 ) );margin-right: 4%;\"><div class=\"fusion-column-wrapper fusion-column-has-shadow fusion-flex-column-wrapper-legacy\"><div class=\"fusion-column-content-centered\"><div class=\"fusion-column-content\"><\/div><\/div><div class=\"fusion-clearfix\"><\/div><\/div><\/div><div class=\"fusion-layout-column fusion_builder_column fusion-builder-column-2 fusion_builder_column_2_3 2_3 fusion-two-third\" style=\"--awb-bg-size:cover;width:66.666666666667%;width:calc(66.666666666667% - ( ( 4% + 4% ) * 0.66666666666667 ) );margin-right: 4%;\"><div class=\"fusion-column-wrapper fusion-column-has-shadow fusion-flex-column-wrapper-legacy\"><div class=\"fusion-text fusion-text-2\" style=\"--awb-text-transform:none;--awb-text-color:#101427;\"><p><b>Za\u0161\u010dita pravic<\/b><\/p>\n<p>Predmet tega obvestila so spletne strani na naslovu <a href=\"http:\/\/proelium.si\/en\/\">http:\/\/proelium.si\/ <\/a>in <a href=\"http:\/\/www.sportnaakademija.si\/\">http:\/\/www.sportnaakademija.si\/<\/a><\/p>\n<p>Vsa vsebina na teh spletnih straneh sta last podjetja PROELIUM, \u0161portna agencija in poslovno svetovanje, Jan Ternjak, s.p. (Gradi\u0161ka 4A, 2211 Pesnica).<\/p>\n<p>D\u0160: SI47824891 in je informativne narave.<br \/>\nLastnik omenjenega podjetja je Jan Ternjak.<\/p>\n<p><b>Omejena odgovornost<\/b><\/p>\n<p>PROELIUM, \u0161portna agencija in poslovno svetovanje, Jan Ternjak, s.p.\u00a0ne odgovarja za uporabo spletnih strani <a href=\"http:\/\/proelium.si\/en\/\">http:\/\/proelium.si\/<\/a> in <a href=\"http:\/\/www.sportnaakademija.si\/\">http:\/\/www.sportnaakademija.si\/<\/a> in za morebitno \u0161kodo, povzro\u010deno z uporabo tam nahajajo\u010dih se spletnih vsebin.<\/p>\n<p>Jan Ternjak lahko vse vsebine spreminja kadarkoli, brez obveznosti do obve\u0161\u010danja uporabnikov, in ne odgovarja za posledice tako povzro\u010denih sprememb.<\/p>\n<p><b>Omejena pravica uporabe vsebin<\/b><\/p>\n<p>Uporabniki lahko razpolagajo z vsebinami na spletnem naslovu <a href=\"http:\/\/proelium.si\/en\/\">http:\/\/proelium.si\/<\/a> in <a href=\"http:\/\/www.sportnaakademija.si\/\">http:\/\/www.sportnaakademija.si\/<\/a>za svojo osebno uporabo pri \u010demer ne smejo biti kr\u0161ene avtorske pravice. Avtorji vsebin niso odgovorni za morebitne \u0161kodljive posledice uporabe. Kakr\u0161nakoli druga uporaba ali distribucija teh spletnih vsebin ali njihovega dela ni dovoljena.<\/p>\n<p><b>Uporaba besedil in materialov<\/b><\/p>\n<p>V primeru, da podjetje PROELIUM, \u0161portna agencija in poslovno svetovanje, Jan Ternjak, s.p., ugotovi, da je kupec brez njegovega pisnega dovoljenja razmno\u017eeval ali prodajal posamezne izdelke (npr. \u0160portna akademija Proelium, &#8220;Mastercard \u0161portna akademija,&#8221; \u0160portna akademija, \u00bbMoj prvi posel,\u00ab mentorski program za mlade \u0161portnike, razno-razne online-te\u010daje, itd.), ima prodajalec pravico, da kupca kazensko ovadi in za povzro\u010deno poslovno \u0161kodo zahteva denarno kazen.<\/p>\n<p><b>Varovanje osebnih podatkov in posredovanje informacij<\/b><\/p>\n<p>Jan Ternjak (ter podjetje PROELIUM) bo z vsemi podatki, zbranimi na straneh <a href=\"http:\/\/proelium.si\/en\/\">http:\/\/proelium.si<\/a>\/ in <a href=\"http:\/\/www.sportnaakademija.si\/\">http:\/\/www.sportnaakademija.si\/<\/a>, razpolagal v skladu z veljavno zakonodajo.<\/p>\n<p>Ko vnesete na katerokoli na\u0161o spletno stran va\u0161 e-mail naslov se v celoti strinjate, da lahko podjetje PROELIUM, \u0161portna agencija in poslovno svetovanje, Jan Ternjak, s.p. (Gradi\u0161ka 4A, 2211 Pesnica), dav\u010dna \u0161tevilka: SI47824891 (v nadaljevanju upravljavec osebnih podatkov) uporabi vne\u0161ene podatke (kot npr. e-mail naslov, telefonsko \u0161tevilko itd.) za namene neposrednega tr\u017eenja, statisti\u010dno obdelavo, izdelavo raziskav, po\u0161iljanje ponudb, promocijskih gradiv, vo\u0161\u010dilnic, revij, raznih nagradnih akcij ter vabil na dogodke, komuniciranja, vsakodnevnega izvajanja marketin\u0161kih raziskav, prilagajanja ponudbe, segmentiranja in izvajanja drugih vrst tr\u017enih in poslovnih analiz ter za druge namene.<\/p>\n<p>\u010ce posameznik ne \u017eeli, da mu upravljavec osebnih podatkov pripravi prilagojeno ponudbo glede na obisk njegove spletne strani, lahko bodisi onemogo\u010di pi\u0161kotke na svojem brskalniku ali pa ne posreduje svojih podatkov znotraj obrazca na spletni strani upravljavca ter tako zagotovi svojo anonimnost.<\/p>\n<p>Privoljenje lahko posameznik prav tako kadarkoli prekli\u010de z obvestilom o prenehanju uporabe njegovih osebnih podatkov na naslov <a href=\"mailto:info@proelium.si\">info@proelium.si<\/a>\u00a0 ali se odjavi direktno iz prejete elektronske po\u0161te, poslane preko tretjih orodij za po\u0161iljanje masovne e-po\u0161te.<\/p>\n<p>Bolj podrobne informacije o obdelovanju va\u0161ih informacij lahko najdete na spletni strani\u00a0<a href=\"http:\/\/proelium.si\/en\/politika-zasebnosti\/\">www.proelium.si\/politika-zasebnosti<\/a>.<\/p>\n<p><b>Pi\u0161kotki<\/b><\/p>\n<p>Na na\u0161i spletni strani uporabljamo pi\u0161kotke. Pi\u0161kotki so majhne datoteke, ki jih brskalniki kot so Firefox, Chrome ali Internet Explorer, nalagajo na va\u0161 ra\u010dunalnik med brskanjem po spletu.<\/p>\n<p>V skladu s priporo\u010dili informacijskega poobla\u0161\u010denca, smo na na\u0161o spletno stran namestili obvestilo o uporabi pi\u0161kotkov, hkrati pa smo vam omogo\u010dili tudi izbiro, katere pi\u0161kotke \u017eelite uporabljati in katere ne.<\/p>\n<p>Vrste pi\u0161kotkov na na\u0161i spletni strani:<\/p>\n<ol>\n<li><strong> Obvezni pi\u0161kotki<\/strong><\/li>\n<\/ol>\n<p>Obvezni pi\u0161kotki, so tisti pi\u0161kotki, ki jih spletna stran potrebuje za pravilno delovanje. To so na primer pi\u0161kotki, ki skrbijo za seje prijavljenih uporabnikov (administratorji, moderatorji strani), to so tudi pi\u0161kotki, ki se nalo\u017eijo na va\u0161 ra\u010dunalnik zaradi tega, da ob naslednjem obisku vemo, katere od ostalih pi\u0161kotkov dovolite in katere ne. Na osnovi informacij v teh pi\u0161kotkih se delovanje in prikaz spletne strani prilagaja vam.<\/p>\n<p>Uporabljamo naslednje pi\u0161kotke:<\/p>\n<p>cc_necessary<\/p>\n<p>cc_analytics<\/p>\n<p>To so obvezni pi\u0161kotki, v njih si zabele\u017eimo ali se strinjate z uporabo posamezne vrste pi\u0161kotkov ali ne. Ti pi\u0161kotki imajo trajanje manj kot 365 dni.<\/p>\n<ol start=\"2\">\n<li><b> Statistika obiska<\/b><\/li>\n<\/ol>\n<p>Upravljalci spletnega mesta si \u017eelimo vedeti, kje se na\u0161i obiskovalci zadr\u017eujejo, katere od posameznih vsebin so najbolj obiskane in od kod sploh pridete na na\u0161o spletno stran. To je na\u0161a edina povratna informacija in ve\u010dinoma edini stik z na\u0161imi obiskovalci. Zaradi tega bele\u017eimo statistiko ogledov. Na podlagi pi\u0161kotkov, ki jih nalo\u017eimo na va\u0161 ra\u010dunalnik, lahko vemo ali ste pri\u0161li k nam prvi\u010d, ali pa ste na\u0161 redni obiskovalec.<\/p>\n<p>Uporabljamo naslednje pi\u0161kotke:<\/p>\n<p>__utma __utmb __utmc __utmz<\/p>\n<p>To so pi\u0161kotki, ki jih uporablja orodje Google Analytics. Omogo\u010dajo nam, da lahko opazujemo, kako se uporabniki premikajo znotraj na\u0161ih spletnih strani. Ti pi\u0161kotki imajo tranjanje do 2 leti.<\/p>\n<ol start=\"3\">\n<li><b> Ostali pi\u0161kotki (3rd partiy cookies)<\/b><\/li>\n<\/ol>\n<p>Ti pi\u0161kotki skrbijo za pravilno nalaganje vti\u010dnikov dru\u017eabnih omre\u017eij, kot so recimo Facebook, Twitter, LinkedIn. V isto kategorijo spadajo tudi video vsebine nalo\u017eene iz skupnosti Youtube. Pi\u0161kotki dru\u017eabnih omre\u017eij kot so Facebook, Twitter, Google+ in podobni bele\u017eijo najve\u010d informacij o uporabnikih in tako potencialno najbolj ogro\u017eajo va\u0161o zasebnost.<\/p>\n<p>Na spletni strani <a href=\"http:\/\/proelium.si\/en\/\">http:\/\/proelium.si\/<\/a> se pi\u0161kotki dru\u017ebenih omre\u017eij NE nalagajo avtomatsko, temve\u010d zgolj na izrecen zahtevek obiskovalca s klikom na logo posameznega du\u017eabnega omre\u017eja. Nad morebitnimi pi\u0161kotki, ki se nalo\u017eijo ob kliku, upravljalci <a href=\"http:\/\/proelium.si\/en\/\">http:\/\/proelium.si\/<\/a> nimamo vpliva.<\/p>\n<p>Uporabljamo naslednje pi\u0161kotke:<\/p>\n<p>V primeru, da s klikom vklju\u010dite katerega od dru\u017ebenih vti\u010dnikov, je mogo\u010de, da vam le to vstavi svoj pi\u0161kotek. Nad temi pi\u0161kotki spletno mesto <a href=\"http:\/\/proelium.si\/en\/\">http:\/\/proelium.si\/<\/a> nima vpliva, zaradi tega dru\u017ebenim omre\u017ejem nalaganje pi\u0161kotkov prepre\u010dimo, dokler obiskovalci tega izrecno ne zahtevajo s klikom. S klikom na ikono dru\u017eabnega omre\u017eja se za\u017eenejo vti\u010dniki, ki vam lahko nastavijo svoje pi\u0161kotke in nad njimi nimamo nadzora. Nalaganju pi\u0161kotkov se lahko preprosto izognete tako, da vti\u010dnikov ne aktivirate. Vti\u010dniki, ki jih uporabljamo, so vti\u010dniki dru\u017eabnih omre\u017eij Facebook, Instagram, Twitter, Youtube in LinkedIn.<\/p>\n<p><b>Dogodki, ki jih organzira podjetje PROELIUM, \u0161portna agencija in poslovno svetovanje, Jan Ternjak, s.p.,\u00a0<\/b><\/p>\n<p>Vsi dogodki se snemajo in slikajo, kar pomeni, da s prijavo nanj dovolite, da vas lahko v sklopu mno\u017eice posnamemo ali fotografiramo ter nato ta material uporabimo v promocijske namene (objave na dru\u017ebenih omre\u017ejih, oglasi, itd.).<\/p>\n<p><strong>Kriteriji za razpis &#8220;Mastercard \u0161portna akademija&#8221;<\/strong><\/p>\n<p>Vsi prijavljeni v razpis morajo za prijavo izpolniti anketo, ki jo najdejo na spletni strani <a href=\"http:\/\/www.sportnaakademija.si\/\">http:\/\/www.sportnaakademija.si<\/a>\/ oziroma na https:\/\/proelium.si\/akademija\/<br \/>\nRazpis je namenjen mladim \u0161portnikom (od 14 leta naprej). Med vsemi, ki se bodo prijavili in izpolnili anketo, bomo za zapolnitev mest, ki so na voljo (skupaj s komisijo), izbirali med naslednjimi kriteriji:<\/p>\n<ol>\n<li>\u0160portni uspehi (zapisani v anketi)<\/li>\n<li>Vizija in cilji (zapisani v anketi)<\/li>\n<li>\u017delja po uspehu (zapisana v anketi)<\/li>\n<li>Prilo\u017eeno (individualno) vsebino \u0161portnika<\/li>\n<\/ol>\n<p>Za vsak kriterij bo komisija podelila od najmanj 1 do najve\u010d 5 to\u010dk. Kon\u010dni rezultat je se\u0161tevek vseh to\u010dk in ta je podlaga za izbor kandidatov. Kon\u010dna odlo\u010ditev bo znana po koncu razpisanega roka. O odlo\u010ditvi bo odlo\u010dala komisija v zasedbi: Jan Ternjak (direktor \u0160portne agencije Proelium), Robert Stojkovi\u0107 (vodja \u0161portne akademije Proelium) in Damir Battisti (vodja poslovnih programov \u0160portne agencije Proelium in vodja projekta #mojprviposel). Odlo\u010ditev komisije je dokon\u010dna in nanjo nista mogo\u010da ugovor ali prito\u017eba. Prostega mesta v akademijo ni mogo\u010de zamenjati za finance ali ga naprej podeliti tretji osebi.<\/p>\n<\/div><div class=\"fusion-clearfix\"><\/div><\/div><\/div><div class=\"fusion-layout-column fusion_builder_column fusion-builder-column-3 fusion_builder_column_1_6 1_6 fusion-one-sixth fusion-column-last\" style=\"--awb-padding-top:10px;--awb-padding-bottom:10px;--awb-bg-size:cover;--awb-margin-top:10px;--awb-margin-bottom:10px;width:16.666666666667%;width:calc(16.666666666667% - ( ( 4% + 4% ) * 0.16666666666667 ) );\"><div class=\"fusion-column-wrapper fusion-column-has-shadow fusion-flex-column-wrapper-legacy\"><div class=\"fusion-column-content-centered\"><div class=\"fusion-column-content\"><\/div><\/div><div class=\"fusion-clearfix\"><\/div><\/div><\/div><\/div><\/div><\/p>","protected":false},"excerpt":{"rendered":"","protected":false},"author":3,"featured_media":0,"parent":0,"menu_order":0,"comment_status":"closed","ping_status":"closed","template":"100-width.php","meta":{"footnotes":""},"class_list":["post-7644","page","type-page","status-publish","hentry"],"yoast_head":"<!-- This site is optimized with the Yoast SEO plugin v26.6 - https:\/\/yoast.com\/wordpress\/plugins\/seo\/ -->\n<title>Splo\u0161ni pogoji - Proelium<\/title>\n<meta name=\"robots\" content=\"index, follow, max-snippet:-1, max-image-preview:large, max-video-preview:-1\" \/>\n<link rel=\"canonical\" href=\"http:\/\/proelium.si\/en\/splosni-pogoji\/\" \/>\n<meta property=\"og:locale\" content=\"en_GB\" \/>\n<meta property=\"og:type\" content=\"article\" \/>\n<meta property=\"og:title\" content=\"Splo\u0161ni pogoji - Proelium\" \/>\n<meta property=\"og:url\" content=\"http:\/\/proelium.si\/en\/splosni-pogoji\/\" \/>\n<meta property=\"og:site_name\" content=\"Proelium\" \/>\n<meta property=\"article:publisher\" content=\"https:\/\/www.facebook.com\/proeliumsportsagency\" \/>\n<meta property=\"article:modified_time\" content=\"2023-01-14T10:29:15+00:00\" \/>\n<meta name=\"twitter:card\" content=\"summary_large_image\" \/>\n<meta name=\"twitter:site\" content=\"@proeliumagency\" \/>\n<meta name=\"twitter:label1\" content=\"Estimated reading time\" \/>\n\t<meta name=\"twitter:data1\" content=\"9 minutes\" \/>\n<script type=\"application\/ld+json\" class=\"yoast-schema-graph\">{\"@context\":\"https:\/\/schema.org\",\"@graph\":[{\"@type\":\"WebPage\",\"@id\":\"http:\/\/proelium.si\/en\/splosni-pogoji\/\",\"url\":\"http:\/\/proelium.si\/en\/splosni-pogoji\/\",\"name\":\"Splo\u0161ni pogoji - Proelium\",\"isPartOf\":{\"@id\":\"http:\/\/proelium.si\/en\/#website\"},\"datePublished\":\"2021-03-01T14:35:59+00:00\",\"dateModified\":\"2023-01-14T10:29:15+00:00\",\"breadcrumb\":{\"@id\":\"http:\/\/proelium.si\/en\/splosni-pogoji\/#breadcrumb\"},\"inLanguage\":\"en-GB\",\"potentialAction\":[{\"@type\":\"ReadAction\",\"target\":[\"http:\/\/proelium.si\/en\/splosni-pogoji\/\"]}]},{\"@type\":\"BreadcrumbList\",\"@id\":\"http:\/\/proelium.si\/en\/splosni-pogoji\/#breadcrumb\",\"itemListElement\":[{\"@type\":\"ListItem\",\"position\":1,\"name\":\"Home\",\"item\":\"https:\/\/proelium.si\/\"},{\"@type\":\"ListItem\",\"position\":2,\"name\":\"Splo\u0161ni pogoji\"}]},{\"@type\":\"WebSite\",\"@id\":\"http:\/\/proelium.si\/en\/#website\",\"url\":\"http:\/\/proelium.si\/en\/\",\"name\":\"Proelium\",\"description\":\"Proelium\",\"publisher\":{\"@id\":\"http:\/\/proelium.si\/en\/#organization\"},\"potentialAction\":[{\"@type\":\"SearchAction\",\"target\":{\"@type\":\"EntryPoint\",\"urlTemplate\":\"http:\/\/proelium.si\/en\/?s={search_term_string}\"},\"query-input\":{\"@type\":\"PropertyValueSpecification\",\"valueRequired\":true,\"valueName\":\"search_term_string\"}}],\"inLanguage\":\"en-GB\"},{\"@type\":\"Organization\",\"@id\":\"http:\/\/proelium.si\/en\/#organization\",\"name\":\"\u0160portna agencija Proelium\",\"url\":\"http:\/\/proelium.si\/en\/\",\"logo\":{\"@type\":\"ImageObject\",\"inLanguage\":\"en-GB\",\"@id\":\"http:\/\/proelium.si\/en\/#\/schema\/logo\/image\/\",\"url\":\"https:\/\/proelium.si\/wp-content\/uploads\/2020\/12\/Logo-Agency.png\",\"contentUrl\":\"https:\/\/proelium.si\/wp-content\/uploads\/2020\/12\/Logo-Agency.png\",\"width\":1193,\"height\":346,\"caption\":\"\u0160portna agencija Proelium\"},\"image\":{\"@id\":\"http:\/\/proelium.si\/en\/#\/schema\/logo\/image\/\"},\"sameAs\":[\"https:\/\/www.facebook.com\/proeliumsportsagency\",\"https:\/\/x.com\/proeliumagency\"]}]}<\/script>\n<!-- \/ Yoast SEO plugin. -->","yoast_head_json":{"title":"Splo\u0161ni pogoji - Proelium","robots":{"index":"index","follow":"follow","max-snippet":"max-snippet:-1","max-image-preview":"max-image-preview:large","max-video-preview":"max-video-preview:-1"},"canonical":"http:\/\/proelium.si\/en\/splosni-pogoji\/","og_locale":"en_GB","og_type":"article","og_title":"Splo\u0161ni pogoji - Proelium","og_url":"http:\/\/proelium.si\/en\/splosni-pogoji\/","og_site_name":"Proelium","article_publisher":"https:\/\/www.facebook.com\/proeliumsportsagency","article_modified_time":"2023-01-14T10:29:15+00:00","twitter_card":"summary_large_image","twitter_site":"@proeliumagency","twitter_misc":{"Estimated reading time":"9 minutes"},"schema":{"@context":"https:\/\/schema.org","@graph":[{"@type":"WebPage","@id":"http:\/\/proelium.si\/en\/splosni-pogoji\/","url":"http:\/\/proelium.si\/en\/splosni-pogoji\/","name":"Splo\u0161ni pogoji - Proelium","isPartOf":{"@id":"http:\/\/proelium.si\/en\/#website"},"datePublished":"2021-03-01T14:35:59+00:00","dateModified":"2023-01-14T10:29:15+00:00","breadcrumb":{"@id":"http:\/\/proelium.si\/en\/splosni-pogoji\/#breadcrumb"},"inLanguage":"en-GB","potentialAction":[{"@type":"ReadAction","target":["http:\/\/proelium.si\/en\/splosni-pogoji\/"]}]},{"@type":"BreadcrumbList","@id":"http:\/\/proelium.si\/en\/splosni-pogoji\/#breadcrumb","itemListElement":[{"@type":"ListItem","position":1,"name":"Home","item":"https:\/\/proelium.si\/"},{"@type":"ListItem","position":2,"name":"Splo\u0161ni pogoji"}]},{"@type":"WebSite","@id":"http:\/\/proelium.si\/en\/#website","url":"http:\/\/proelium.si\/en\/","name":"Proelium","description":"Proelium","publisher":{"@id":"http:\/\/proelium.si\/en\/#organization"},"potentialAction":[{"@type":"SearchAction","target":{"@type":"EntryPoint","urlTemplate":"http:\/\/proelium.si\/en\/?s={search_term_string}"},"query-input":{"@type":"PropertyValueSpecification","valueRequired":true,"valueName":"search_term_string"}}],"inLanguage":"en-GB"},{"@type":"Organization","@id":"http:\/\/proelium.si\/en\/#organization","name":"\u0160portna agencija Proelium","url":"http:\/\/proelium.si\/en\/","logo":{"@type":"ImageObject","inLanguage":"en-GB","@id":"http:\/\/proelium.si\/en\/#\/schema\/logo\/image\/","url":"https:\/\/proelium.si\/wp-content\/uploads\/2020\/12\/Logo-Agency.png","contentUrl":"https:\/\/proelium.si\/wp-content\/uploads\/2020\/12\/Logo-Agency.png","width":1193,"height":346,"caption":"\u0160portna agencija Proelium"},"image":{"@id":"http:\/\/proelium.si\/en\/#\/schema\/logo\/image\/"},"sameAs":["https:\/\/www.facebook.com\/proeliumsportsagency","https:\/\/x.com\/proeliumagency"]}]}},"_links":{"self":[{"href":"http:\/\/proelium.si\/en\/wp-json\/wp\/v2\/pages\/7644","targetHints":{"allow":["GET"]}}],"collection":[{"href":"http:\/\/proelium.si\/en\/wp-json\/wp\/v2\/pages"}],"about":[{"href":"http:\/\/proelium.si\/en\/wp-json\/wp\/v2\/types\/page"}],"author":[{"embeddable":true,"href":"http:\/\/proelium.si\/en\/wp-json\/wp\/v2\/users\/3"}],"replies":[{"embeddable":true,"href":"http:\/\/proelium.si\/en\/wp-json\/wp\/v2\/comments?post=7644"}],"version-history":[{"count":6,"href":"http:\/\/proelium.si\/en\/wp-json\/wp\/v2\/pages\/7644\/revisions"}],"predecessor-version":[{"id":10589,"href":"http:\/\/proelium.si\/en\/wp-json\/wp\/v2\/pages\/7644\/revisions\/10589"}],"wp:attachment":[{"href":"http:\/\/proelium.si\/en\/wp-json\/wp\/v2\/media?parent=7644"}],"curies":[{"name":"wp","href":"https:\/\/api.w.org\/{rel}","templated":true}]}}