{"id":9529,"date":"2022-03-09T09:32:30","date_gmt":"2022-03-09T08:32:30","guid":{"rendered":"http:\/\/proelium.si\/?page_id=9529"},"modified":"2023-10-18T21:25:56","modified_gmt":"2023-10-18T20:25:56","slug":"adrijanamori","status":"publish","type":"page","link":"http:\/\/proelium.si\/en\/adrijanamori\/","title":{"rendered":"Adrijana Mori"},"content":{"rendered":"<p><div class=\"fusion-fullwidth fullwidth-box fusion-builder-row-1 fusion-flex-container nonhundred-percent-fullwidth non-hundred-percent-height-scrolling fusion-no-small-visibility\" style=\"--awb-border-radius-top-left:0px;--awb-border-radius-top-right:0px;--awb-border-radius-bottom-right:0px;--awb-border-radius-bottom-left:0px;--awb-flex-wrap:wrap;\" ><div class=\"fusion-builder-row fusion-row fusion-flex-align-items-flex-start fusion-flex-content-wrap\" style=\"max-width:1216.8px;margin-left: calc(-4% \/ 2 );margin-right: calc(-4% \/ 2 );\"><div class=\"fusion-layout-column fusion_builder_column fusion-builder-column-0 fusion_builder_column_1_1 1_1 fusion-flex-column\" style=\"--awb-bg-size:cover;--awb-width-large:100%;--awb-margin-top-large:0px;--awb-spacing-right-large:1.92%;--awb-margin-bottom-large:20px;--awb-spacing-left-large:1.92%;--awb-width-medium:100%;--awb-order-medium:0;--awb-spacing-right-medium:1.92%;--awb-spacing-left-medium:1.92%;--awb-width-small:100%;--awb-order-small:0;--awb-spacing-right-small:1.92%;--awb-spacing-left-small:1.92%;\"><div class=\"fusion-column-wrapper fusion-column-has-shadow fusion-flex-justify-content-flex-start fusion-content-layout-column\"><div class=\"fusion-text fusion-text-1\" style=\"--awb-text-transform:none;\"><h3 style=\"text-align: center;\"><strong>ADRIJANA MORI, nogomet<\/strong><\/h3>\n<p style=\"text-align: center;\">17. avgust 2000<\/p>\n<p style=\"text-align: center;\"><em>&#8220;Sem profesionalna nogometa\u0161ica, zaljubljena v nogometno \u017eogo \u017ee od malih nog. V svoji nogometni karieri sem se sre\u010dala \u017ee z veliko izzivi, vendar me to ni ustavilo in sem po vsaki po\u0161kodbi pri\u0161la nazaj \u0161e mo\u010dnej\u0161a. Zaradi svoje \u017eelje in vztrajnosti ne odstopam od svojih sanj, saj sem za uspeh pripravljena narediti veliko. Sem polna radosti in pozitive, katero rada \u0161irim med druge ljudi. Za nogometno reprezentanco sem nastopala \u017ee v mlaj\u0161ih selekcijah in sedaj s ponosom nabiram nastope za \u010dlansko reprezentanco. Zelo mlada sem se preselila v Nem\u010dijo, kjer sem podpisala svojo prvo profesionalno pogodbo. Zelo sem vesela, da sem lahko del Agencije Proelium, v kateri me spodbujajo in pomagajo na moji nogometni in poslovni poti.&#8221;<\/em><\/p>\n<\/div><\/div><\/div><\/div><\/div><div class=\"fusion-fullwidth fullwidth-box fusion-builder-row-2 fusion-flex-container nonhundred-percent-fullwidth non-hundred-percent-height-scrolling fusion-no-medium-visibility fusion-no-large-visibility\" style=\"--awb-border-radius-top-left:0px;--awb-border-radius-top-right:0px;--awb-border-radius-bottom-right:0px;--awb-border-radius-bottom-left:0px;--awb-padding-bottom:0px;--awb-flex-wrap:wrap;\" ><div class=\"fusion-builder-row fusion-row fusion-flex-align-items-flex-start fusion-flex-content-wrap\" style=\"max-width:1216.8px;margin-left: calc(-4% \/ 2 );margin-right: calc(-4% \/ 2 );\"><div class=\"fusion-layout-column fusion_builder_column fusion-builder-column-1 fusion_builder_column_1_1 1_1 fusion-flex-column\" style=\"--awb-bg-size:cover;--awb-width-large:100%;--awb-margin-top-large:0px;--awb-spacing-right-large:1.92%;--awb-margin-bottom-large:20px;--awb-spacing-left-large:1.92%;--awb-width-medium:100%;--awb-order-medium:0;--awb-spacing-right-medium:1.92%;--awb-spacing-left-medium:1.92%;--awb-width-small:100%;--awb-order-small:0;--awb-spacing-right-small:1.92%;--awb-spacing-left-small:1.92%;\"><div class=\"fusion-column-wrapper fusion-column-has-shadow fusion-flex-justify-content-flex-start fusion-content-layout-column\"><div class=\"fusion-text fusion-text-2\" style=\"--awb-text-transform:none;\"><h3 style=\"text-align: center;\"><strong>ADRIJANA MORI, nogomet<\/strong><\/h3>\n<\/div><\/div><\/div><div class=\"fusion-layout-column fusion_builder_column fusion-builder-column-2 fusion_builder_column_1_1 1_1 fusion-flex-column\" style=\"--awb-bg-size:cover;--awb-width-large:100%;--awb-margin-top-large:0px;--awb-spacing-right-large:1.92%;--awb-margin-bottom-large:0px;--awb-spacing-left-large:1.92%;--awb-width-medium:100%;--awb-order-medium:0;--awb-spacing-right-medium:1.92%;--awb-spacing-left-medium:1.92%;--awb-width-small:100%;--awb-order-small:0;--awb-spacing-right-small:1.92%;--awb-spacing-left-small:1.92%;\"><div class=\"fusion-column-wrapper fusion-column-has-shadow fusion-flex-justify-content-flex-start fusion-content-layout-column\"><div class=\"fusion-text fusion-text-3\" style=\"--awb-font-size:14px;--awb-line-height:1.2;--awb-text-transform:none;\"><p style=\"text-align: center;\">17. avgust 2000<\/p>\n<p style=\"text-align: center;\"><em>&#8220;Sem profesionalna nogometa\u0161ica, zaljubljena v nogometno \u017eogo \u017ee od malih nog. V svoji nogometni karieri sem se sre\u010dala \u017ee z veliko izzivi, vendar me to ni ustavilo in sem po vsaki po\u0161kodbi pri\u0161la nazaj \u0161e mo\u010dnej\u0161a. Zaradi svoje \u017eelje in vztrajnosti ne odstopam od svojih sanj, saj sem za uspeh pripravljena narediti veliko. Sem polna radosti in pozitive, katero rada \u0161irim med druge ljudi. Za nogometno reprezentanco sem nastopala \u017ee v mlaj\u0161ih selekcijah in sedaj s ponosom nabiram nastope za \u010dlansko reprezentanco. Zelo mlada sem se preselila v Nem\u010dijo, kjer sem podpisala svojo prvo profesionalno pogodbo. Zelo sem vesela, da sem lahko del Agencije Proelium, v kateri me spodbujajo in pomagajo na moji nogometni in poslovni poti.&#8221;<\/em><\/p>\n<\/div><\/div><\/div><\/div><\/div><div class=\"fusion-fullwidth fullwidth-box fusion-builder-row-3 fusion-flex-container nonhundred-percent-fullwidth non-hundred-percent-height-scrolling\" style=\"--awb-border-radius-top-left:0px;--awb-border-radius-top-right:0px;--awb-border-radius-bottom-right:0px;--awb-border-radius-bottom-left:0px;--awb-flex-wrap:wrap;\" ><div class=\"fusion-builder-row fusion-row fusion-flex-align-items-flex-start fusion-flex-content-wrap\" style=\"max-width:1216.8px;margin-left: calc(-4% \/ 2 );margin-right: calc(-4% \/ 2 );\"><div class=\"fusion-layout-column fusion_builder_column fusion-builder-column-3 fusion_builder_column_1_1 1_1 fusion-flex-column\" style=\"--awb-bg-size:cover;--awb-width-large:100%;--awb-margin-top-large:0px;--awb-spacing-right-large:1.92%;--awb-margin-bottom-large:20px;--awb-spacing-left-large:1.92%;--awb-width-medium:100%;--awb-order-medium:0;--awb-spacing-right-medium:1.92%;--awb-spacing-left-medium:1.92%;--awb-width-small:100%;--awb-order-small:0;--awb-spacing-right-small:1.92%;--awb-spacing-left-small:1.92%;\"><div class=\"fusion-column-wrapper fusion-column-has-shadow fusion-flex-justify-content-flex-start fusion-content-layout-column\"><div class=\"fusion-image-element\" style=\"text-align:center;--awb-caption-title-font-family:var(--h2_typography-font-family);--awb-caption-title-font-weight:var(--h2_typography-font-weight);--awb-caption-title-font-style:var(--h2_typography-font-style);--awb-caption-title-size:var(--h2_typography-font-size);--awb-caption-title-transform:var(--h2_typography-text-transform);--awb-caption-title-line-height:var(--h2_typography-line-height);--awb-caption-title-letter-spacing:var(--h2_typography-letter-spacing);\"><span class=\"fusion-imageframe imageframe-none imageframe-1 hover-type-none\"><img decoding=\"async\" width=\"853\" height=\"1024\" alt=\"Adrijana Mori\" title=\"Adrijana Mori\" src=\"http:\/\/proelium.si\/wp-content\/uploads\/2022\/03\/Adrijana-Mori-853x1024.jpg\" class=\"img-responsive wp-image-9530\" srcset=\"https:\/\/proelium.si\/wp-content\/uploads\/2022\/03\/Adrijana-Mori-200x240.jpg 200w, https:\/\/proelium.si\/wp-content\/uploads\/2022\/03\/Adrijana-Mori-400x480.jpg 400w, https:\/\/proelium.si\/wp-content\/uploads\/2022\/03\/Adrijana-Mori-600x721.jpg 600w, https:\/\/proelium.si\/wp-content\/uploads\/2022\/03\/Adrijana-Mori-800x961.jpg 800w, https:\/\/proelium.si\/wp-content\/uploads\/2022\/03\/Adrijana-Mori.jpg 1125w\" sizes=\"(max-width: 1024px) 100vw, (max-width: 640px) 100vw, 853px\" \/><\/span><\/div><\/div><\/div><\/div><\/div><div class=\"fusion-fullwidth fullwidth-box fusion-builder-row-4 fusion-flex-container has-pattern-background has-mask-background nonhundred-percent-fullwidth non-hundred-percent-height-scrolling\" style=\"--awb-border-radius-top-left:0px;--awb-border-radius-top-right:0px;--awb-border-radius-bottom-right:0px;--awb-border-radius-bottom-left:0px;--awb-flex-wrap:wrap;\" ><div class=\"fusion-builder-row fusion-row fusion-flex-align-items-flex-start fusion-flex-content-wrap\" style=\"max-width:1216.8px;margin-left: calc(-4% \/ 2 );margin-right: calc(-4% \/ 2 );\"><div class=\"fusion-layout-column fusion_builder_column fusion-builder-column-4 fusion_builder_column_1_1 1_1 fusion-flex-column\" style=\"--awb-bg-size:cover;--awb-width-large:100%;--awb-margin-top-large:0px;--awb-spacing-right-large:1.92%;--awb-margin-bottom-large:20px;--awb-spacing-left-large:1.92%;--awb-width-medium:100%;--awb-order-medium:0;--awb-spacing-right-medium:1.92%;--awb-spacing-left-medium:1.92%;--awb-width-small:100%;--awb-order-small:0;--awb-spacing-right-small:1.92%;--awb-spacing-left-small:1.92%;\"><div class=\"fusion-column-wrapper fusion-column-has-shadow fusion-flex-justify-content-flex-start fusion-content-layout-column\"><div class=\"fusion-text fusion-text-4\"><p style=\"text-align: center;\"><strong>DOSE\u017dKI:<\/strong><\/p>\n<p style=\"text-align: center;\">Igranje za slovensko reprezentanco v vseh selekcijah<br \/>\n2016: dr\u017eavne prvakinje v kategoriji U17 z ekipo \u017dNK Fu\u017einar<br \/>\n2018: dr\u017eavne prvakinje v kategoriji \u010dlanice z ekipo \u017dNK Olimpija Ljubljana<br \/>\n2019: z reprezentanco osvojile prvo mesto Croatia cup-a<br \/>\n2022: pokalne prvakinje z \u017dNK Olimpija Ljubljana<br \/>\n2023: z reprezentanco osvojile Turkish cup<\/p>\n<p style=\"text-align: center;\"><strong>CILJI:<\/strong><\/p>\n<p style=\"text-align: center;\"><strong>Kratkoro\u010dni cilji:<\/strong><br \/>\nUvrstitev na EP 2025<br \/>\nVsakodnevno delati na sebi in u\u017eivati v tem, kar delam<br \/>\nPostati samozavestnej\u0161a in preko dru\u017ebenih omre\u017eij prikazati ljudem realnost in prepreke, s katerimi se \u0161portniki sre\u010dujemo<\/p>\n<p style=\"text-align: center;\"><strong>Dolgoro\u010dni cilji:<\/strong><br \/>\nUvrstitev na SP 2027<br \/>\nIgrati v enem izmed ve\u010djih evropskih klubov<br \/>\nPostati vzor drugim \u0161portnikom in jim pomagat na njihovi \u0161portni poti<br \/>\nImeti lastno blagovno znamko in pridobiti ve\u010dje sponzorje<\/p>\n<\/div><\/div><\/div><\/div><\/div><div class=\"fusion-fullwidth fullwidth-box fusion-builder-row-5 fusion-flex-container nonhundred-percent-fullwidth non-hundred-percent-height-scrolling\" style=\"--link_hover_color: #ffffff;--link_color: #ffffff;--awb-border-radius-top-left:0px;--awb-border-radius-top-right:0px;--awb-border-radius-bottom-right:0px;--awb-border-radius-bottom-left:0px;--awb-padding-top:40px;--awb-padding-bottom:20px;--awb-padding-bottom-small:0px;--awb-margin-bottom-small:0px;--awb-background-color:#ffffff;--awb-flex-wrap:wrap;\" ><div class=\"fusion-builder-row fusion-row fusion-flex-align-items-center fusion-flex-justify-content-center fusion-flex-content-wrap\" style=\"max-width:1216.8px;margin-left: calc(-4% \/ 2 );margin-right: calc(-4% \/ 2 );\"><div class=\"fusion-layout-column fusion_builder_column fusion-builder-column-5 fusion_builder_column_1_6 1_6 fusion-flex-column fusion-flex-align-self-center fusion-column-inner-bg-wrapper\" style=\"--awb-inner-bg-size:cover;--awb-width-large:16.666666666667%;--awb-margin-top-large:0px;--awb-spacing-right-large:11.52%;--awb-margin-bottom-large:20px;--awb-spacing-left-large:11.52%;--awb-width-medium:100%;--awb-order-medium:0;--awb-spacing-right-medium:1.92%;--awb-spacing-left-medium:1.92%;--awb-width-small:25%;--awb-order-small:0;--awb-spacing-right-small:7.68%;--awb-margin-bottom-small:0px;--awb-spacing-left-small:7.68%;\"><span class=\"fusion-column-inner-bg hover-type-none\"><a class=\"fusion-column-anchor\" href=\"https:\/\/adrijana-mori.com\/\" rel=\"noopener noreferrer\" target=\"_blank\"><span class=\"fusion-column-inner-bg-image\"><\/span><\/a><\/span><div class=\"fusion-column-wrapper fusion-column-has-shadow fusion-flex-justify-content-center fusion-content-layout-column\"><i class=\"fb-icon-element-1 fb-icon-element fontawesome-icon fa-globe fas circle-no\" style=\"--awb-iconcolor:#101427;--awb-iconcolor-hover:#101427;--awb-font-size:20px;--awb-margin-top:0;--awb-margin-right:0;--awb-margin-bottom:0;--awb-margin-left:0;--awb-align-self:center;\"><\/i><\/div><\/div><div class=\"fusion-layout-column fusion_builder_column fusion-builder-column-6 fusion_builder_column_1_6 1_6 fusion-flex-column fusion-flex-align-self-center fusion-column-inner-bg-wrapper\" style=\"--awb-inner-bg-size:cover;--awb-width-large:16.666666666667%;--awb-margin-top-large:0px;--awb-spacing-right-large:11.52%;--awb-margin-bottom-large:20px;--awb-spacing-left-large:11.52%;--awb-width-medium:100%;--awb-order-medium:0;--awb-spacing-right-medium:1.92%;--awb-spacing-left-medium:1.92%;--awb-width-small:25%;--awb-order-small:0;--awb-spacing-right-small:7.68%;--awb-margin-bottom-small:0px;--awb-spacing-left-small:7.68%;\"><span class=\"fusion-column-inner-bg hover-type-none\"><a class=\"fusion-column-anchor\" href=\"https:\/\/www.facebook.com\/adrijana.mori.1\" rel=\"noopener noreferrer\" target=\"_blank\"><span class=\"fusion-column-inner-bg-image\"><\/span><\/a><\/span><div class=\"fusion-column-wrapper fusion-column-has-shadow fusion-flex-justify-content-center fusion-content-layout-column\"><i class=\"fb-icon-element-2 fb-icon-element fontawesome-icon fa-facebook-f fab circle-no\" style=\"--awb-iconcolor:#101427;--awb-iconcolor-hover:#101427;--awb-font-size:20px;--awb-margin-top:0;--awb-margin-right:0;--awb-margin-bottom:0;--awb-margin-left:0;--awb-align-self:center;\"><\/i><\/div><\/div><div class=\"fusion-layout-column fusion_builder_column fusion-builder-column-7 fusion_builder_column_1_6 1_6 fusion-flex-column fusion-flex-align-self-center fusion-column-inner-bg-wrapper\" style=\"--awb-inner-bg-size:cover;--awb-width-large:16.666666666667%;--awb-margin-top-large:0px;--awb-spacing-right-large:11.52%;--awb-margin-bottom-large:20px;--awb-spacing-left-large:11.52%;--awb-width-medium:100%;--awb-order-medium:0;--awb-spacing-right-medium:1.92%;--awb-spacing-left-medium:1.92%;--awb-width-small:25%;--awb-order-small:0;--awb-spacing-right-small:7.68%;--awb-margin-bottom-small:0px;--awb-spacing-left-small:7.68%;\"><span class=\"fusion-column-inner-bg hover-type-none\"><a class=\"fusion-column-anchor\" href=\"https:\/\/www.instagram.com\/adrijanamori\/\" rel=\"noopener noreferrer\" target=\"_blank\"><span class=\"fusion-column-inner-bg-image\"><\/span><\/a><\/span><div class=\"fusion-column-wrapper fusion-column-has-shadow fusion-flex-justify-content-center fusion-content-layout-column\"><i class=\"fb-icon-element-3 fb-icon-element fontawesome-icon fa-instagram fab circle-no\" style=\"--awb-iconcolor:#101427;--awb-iconcolor-hover:#101427;--awb-font-size:20px;--awb-margin-top:0;--awb-margin-right:0;--awb-margin-bottom:0;--awb-margin-left:0;--awb-align-self:center;\"><\/i><\/div><\/div><div class=\"fusion-layout-column fusion_builder_column fusion-builder-column-8 fusion_builder_column_1_6 1_6 fusion-flex-column fusion-flex-align-self-center fusion-column-inner-bg-wrapper\" style=\"--awb-inner-bg-size:cover;--awb-width-large:16.666666666667%;--awb-margin-top-large:0px;--awb-spacing-right-large:11.52%;--awb-margin-bottom-large:20px;--awb-spacing-left-large:11.52%;--awb-width-medium:100%;--awb-order-medium:0;--awb-spacing-right-medium:1.92%;--awb-spacing-left-medium:1.92%;--awb-width-small:25%;--awb-order-small:0;--awb-spacing-right-small:7.68%;--awb-margin-bottom-small:0px;--awb-spacing-left-small:7.68%;\"><span class=\"fusion-column-inner-bg hover-type-none\"><a class=\"fusion-column-anchor\" href=\"https:\/\/www.tiktok.com\/@adrijanamori\" rel=\"noopener noreferrer\" target=\"_blank\"><span class=\"fusion-column-inner-bg-image\"><\/span><\/a><\/span><div class=\"fusion-column-wrapper fusion-column-has-shadow fusion-flex-justify-content-center fusion-content-layout-column\"><i class=\"fb-icon-element-4 fb-icon-element fontawesome-icon fa-tiktok fab circle-no\" style=\"--awb-iconcolor:#101427;--awb-iconcolor-hover:#101427;--awb-font-size:20px;--awb-margin-top:0;--awb-margin-right:0;--awb-margin-bottom:0;--awb-margin-left:0;--awb-align-self:center;\"><\/i><\/div><\/div><\/div><\/div><\/p>","protected":false},"excerpt":{"rendered":"","protected":false},"author":1,"featured_media":9530,"parent":0,"menu_order":0,"comment_status":"closed","ping_status":"closed","template":"","meta":{"footnotes":""},"class_list":["post-9529","page","type-page","status-publish","has-post-thumbnail","hentry"],"yoast_head":"<!-- This site is optimized with the Yoast SEO plugin v26.6 - https:\/\/yoast.com\/wordpress\/plugins\/seo\/ -->\n<title>Adrijana Mori - Proelium<\/title>\n<meta name=\"description\" content=\"Adrijana Mori - informacije, dose\u017eki in kontakt\" \/>\n<meta name=\"robots\" content=\"index, follow, max-snippet:-1, max-image-preview:large, max-video-preview:-1\" \/>\n<link rel=\"canonical\" href=\"http:\/\/proelium.si\/en\/adrijanamori\/\" \/>\n<meta property=\"og:locale\" content=\"en_GB\" \/>\n<meta property=\"og:type\" content=\"article\" \/>\n<meta property=\"og:title\" content=\"Adrijana Mori - Proelium\" \/>\n<meta property=\"og:description\" content=\"Adrijana Mori - informacije, dose\u017eki in kontakt\" \/>\n<meta property=\"og:url\" content=\"http:\/\/proelium.si\/en\/adrijanamori\/\" \/>\n<meta property=\"og:site_name\" content=\"Proelium\" \/>\n<meta property=\"article:publisher\" content=\"https:\/\/www.facebook.com\/proeliumsportsagency\" \/>\n<meta property=\"article:modified_time\" content=\"2023-10-18T20:25:56+00:00\" \/>\n<meta property=\"og:image\" content=\"https:\/\/proelium.si\/wp-content\/uploads\/2022\/03\/Adrijana-Mori.jpg\" \/>\n\t<meta property=\"og:image:width\" content=\"1125\" \/>\n\t<meta property=\"og:image:height\" content=\"1351\" \/>\n\t<meta property=\"og:image:type\" content=\"image\/jpeg\" \/>\n<meta name=\"twitter:card\" content=\"summary_large_image\" \/>\n<meta name=\"twitter:site\" content=\"@proeliumagency\" \/>\n<meta name=\"twitter:label1\" content=\"Estimated reading time\" \/>\n\t<meta name=\"twitter:data1\" content=\"13 minutes\" \/>\n<script type=\"application\/ld+json\" class=\"yoast-schema-graph\">{\"@context\":\"https:\/\/schema.org\",\"@graph\":[{\"@type\":\"WebPage\",\"@id\":\"http:\/\/proelium.si\/en\/adrijanamori\/\",\"url\":\"http:\/\/proelium.si\/en\/adrijanamori\/\",\"name\":\"Adrijana Mori - Proelium\",\"isPartOf\":{\"@id\":\"http:\/\/proelium.si\/en\/#website\"},\"primaryImageOfPage\":{\"@id\":\"http:\/\/proelium.si\/en\/adrijanamori\/#primaryimage\"},\"image\":{\"@id\":\"http:\/\/proelium.si\/en\/adrijanamori\/#primaryimage\"},\"thumbnailUrl\":\"https:\/\/proelium.si\/wp-content\/uploads\/2022\/03\/Adrijana-Mori.jpg\",\"datePublished\":\"2022-03-09T08:32:30+00:00\",\"dateModified\":\"2023-10-18T20:25:56+00:00\",\"description\":\"Adrijana Mori - informacije, dose\u017eki in kontakt\",\"breadcrumb\":{\"@id\":\"http:\/\/proelium.si\/en\/adrijanamori\/#breadcrumb\"},\"inLanguage\":\"en-GB\",\"potentialAction\":[{\"@type\":\"ReadAction\",\"target\":[\"http:\/\/proelium.si\/en\/adrijanamori\/\"]}]},{\"@type\":\"ImageObject\",\"inLanguage\":\"en-GB\",\"@id\":\"http:\/\/proelium.si\/en\/adrijanamori\/#primaryimage\",\"url\":\"https:\/\/proelium.si\/wp-content\/uploads\/2022\/03\/Adrijana-Mori.jpg\",\"contentUrl\":\"https:\/\/proelium.si\/wp-content\/uploads\/2022\/03\/Adrijana-Mori.jpg\",\"width\":1125,\"height\":1351},{\"@type\":\"BreadcrumbList\",\"@id\":\"http:\/\/proelium.si\/en\/adrijanamori\/#breadcrumb\",\"itemListElement\":[{\"@type\":\"ListItem\",\"position\":1,\"name\":\"Home\",\"item\":\"https:\/\/proelium.si\/\"},{\"@type\":\"ListItem\",\"position\":2,\"name\":\"Adrijana Mori\"}]},{\"@type\":\"WebSite\",\"@id\":\"http:\/\/proelium.si\/en\/#website\",\"url\":\"http:\/\/proelium.si\/en\/\",\"name\":\"Proelium\",\"description\":\"Proelium\",\"publisher\":{\"@id\":\"http:\/\/proelium.si\/en\/#organization\"},\"potentialAction\":[{\"@type\":\"SearchAction\",\"target\":{\"@type\":\"EntryPoint\",\"urlTemplate\":\"http:\/\/proelium.si\/en\/?s={search_term_string}\"},\"query-input\":{\"@type\":\"PropertyValueSpecification\",\"valueRequired\":true,\"valueName\":\"search_term_string\"}}],\"inLanguage\":\"en-GB\"},{\"@type\":\"Organization\",\"@id\":\"http:\/\/proelium.si\/en\/#organization\",\"name\":\"\u0160portna agencija Proelium\",\"url\":\"http:\/\/proelium.si\/en\/\",\"logo\":{\"@type\":\"ImageObject\",\"inLanguage\":\"en-GB\",\"@id\":\"http:\/\/proelium.si\/en\/#\/schema\/logo\/image\/\",\"url\":\"https:\/\/proelium.si\/wp-content\/uploads\/2020\/12\/Logo-Agency.png\",\"contentUrl\":\"https:\/\/proelium.si\/wp-content\/uploads\/2020\/12\/Logo-Agency.png\",\"width\":1193,\"height\":346,\"caption\":\"\u0160portna agencija Proelium\"},\"image\":{\"@id\":\"http:\/\/proelium.si\/en\/#\/schema\/logo\/image\/\"},\"sameAs\":[\"https:\/\/www.facebook.com\/proeliumsportsagency\",\"https:\/\/x.com\/proeliumagency\"]}]}<\/script>\n<!-- \/ Yoast SEO plugin. -->","yoast_head_json":{"title":"Adrijana Mori - Proelium","description":"Adrijana Mori - informacije, dose\u017eki in kontakt","robots":{"index":"index","follow":"follow","max-snippet":"max-snippet:-1","max-image-preview":"max-image-preview:large","max-video-preview":"max-video-preview:-1"},"canonical":"http:\/\/proelium.si\/en\/adrijanamori\/","og_locale":"en_GB","og_type":"article","og_title":"Adrijana Mori - Proelium","og_description":"Adrijana Mori - informacije, dose\u017eki in kontakt","og_url":"http:\/\/proelium.si\/en\/adrijanamori\/","og_site_name":"Proelium","article_publisher":"https:\/\/www.facebook.com\/proeliumsportsagency","article_modified_time":"2023-10-18T20:25:56+00:00","og_image":[{"width":1125,"height":1351,"url":"https:\/\/proelium.si\/wp-content\/uploads\/2022\/03\/Adrijana-Mori.jpg","type":"image\/jpeg"}],"twitter_card":"summary_large_image","twitter_site":"@proeliumagency","twitter_misc":{"Estimated reading time":"13 minutes"},"schema":{"@context":"https:\/\/schema.org","@graph":[{"@type":"WebPage","@id":"http:\/\/proelium.si\/en\/adrijanamori\/","url":"http:\/\/proelium.si\/en\/adrijanamori\/","name":"Adrijana Mori - Proelium","isPartOf":{"@id":"http:\/\/proelium.si\/en\/#website"},"primaryImageOfPage":{"@id":"http:\/\/proelium.si\/en\/adrijanamori\/#primaryimage"},"image":{"@id":"http:\/\/proelium.si\/en\/adrijanamori\/#primaryimage"},"thumbnailUrl":"https:\/\/proelium.si\/wp-content\/uploads\/2022\/03\/Adrijana-Mori.jpg","datePublished":"2022-03-09T08:32:30+00:00","dateModified":"2023-10-18T20:25:56+00:00","description":"Adrijana Mori - informacije, dose\u017eki in kontakt","breadcrumb":{"@id":"http:\/\/proelium.si\/en\/adrijanamori\/#breadcrumb"},"inLanguage":"en-GB","potentialAction":[{"@type":"ReadAction","target":["http:\/\/proelium.si\/en\/adrijanamori\/"]}]},{"@type":"ImageObject","inLanguage":"en-GB","@id":"http:\/\/proelium.si\/en\/adrijanamori\/#primaryimage","url":"https:\/\/proelium.si\/wp-content\/uploads\/2022\/03\/Adrijana-Mori.jpg","contentUrl":"https:\/\/proelium.si\/wp-content\/uploads\/2022\/03\/Adrijana-Mori.jpg","width":1125,"height":1351},{"@type":"BreadcrumbList","@id":"http:\/\/proelium.si\/en\/adrijanamori\/#breadcrumb","itemListElement":[{"@type":"ListItem","position":1,"name":"Home","item":"https:\/\/proelium.si\/"},{"@type":"ListItem","position":2,"name":"Adrijana Mori"}]},{"@type":"WebSite","@id":"http:\/\/proelium.si\/en\/#website","url":"http:\/\/proelium.si\/en\/","name":"Proelium","description":"Proelium","publisher":{"@id":"http:\/\/proelium.si\/en\/#organization"},"potentialAction":[{"@type":"SearchAction","target":{"@type":"EntryPoint","urlTemplate":"http:\/\/proelium.si\/en\/?s={search_term_string}"},"query-input":{"@type":"PropertyValueSpecification","valueRequired":true,"valueName":"search_term_string"}}],"inLanguage":"en-GB"},{"@type":"Organization","@id":"http:\/\/proelium.si\/en\/#organization","name":"\u0160portna agencija Proelium","url":"http:\/\/proelium.si\/en\/","logo":{"@type":"ImageObject","inLanguage":"en-GB","@id":"http:\/\/proelium.si\/en\/#\/schema\/logo\/image\/","url":"https:\/\/proelium.si\/wp-content\/uploads\/2020\/12\/Logo-Agency.png","contentUrl":"https:\/\/proelium.si\/wp-content\/uploads\/2020\/12\/Logo-Agency.png","width":1193,"height":346,"caption":"\u0160portna agencija Proelium"},"image":{"@id":"http:\/\/proelium.si\/en\/#\/schema\/logo\/image\/"},"sameAs":["https:\/\/www.facebook.com\/proeliumsportsagency","https:\/\/x.com\/proeliumagency"]}]}},"_links":{"self":[{"href":"http:\/\/proelium.si\/en\/wp-json\/wp\/v2\/pages\/9529","targetHints":{"allow":["GET"]}}],"collection":[{"href":"http:\/\/proelium.si\/en\/wp-json\/wp\/v2\/pages"}],"about":[{"href":"http:\/\/proelium.si\/en\/wp-json\/wp\/v2\/types\/page"}],"author":[{"embeddable":true,"href":"http:\/\/proelium.si\/en\/wp-json\/wp\/v2\/users\/1"}],"replies":[{"embeddable":true,"href":"http:\/\/proelium.si\/en\/wp-json\/wp\/v2\/comments?post=9529"}],"version-history":[{"count":6,"href":"http:\/\/proelium.si\/en\/wp-json\/wp\/v2\/pages\/9529\/revisions"}],"predecessor-version":[{"id":11887,"href":"http:\/\/proelium.si\/en\/wp-json\/wp\/v2\/pages\/9529\/revisions\/11887"}],"wp:featuredmedia":[{"embeddable":true,"href":"http:\/\/proelium.si\/en\/wp-json\/wp\/v2\/media\/9530"}],"wp:attachment":[{"href":"http:\/\/proelium.si\/en\/wp-json\/wp\/v2\/media?parent=9529"}],"curies":[{"name":"wp","href":"https:\/\/api.w.org\/{rel}","templated":true}]}}