{"id":10890,"date":"2023-06-15T11:29:18","date_gmt":"2023-06-15T10:29:18","guid":{"rendered":"https:\/\/proelium.si\/?page_id=10890"},"modified":"2025-11-04T22:31:08","modified_gmt":"2025-11-04T21:31:08","slug":"gloriakotnik","status":"publish","type":"page","link":"https:\/\/proelium.si\/en\/gloriakotnik\/","title":{"rendered":"Gloria Kotnik"},"content":{"rendered":"<p><div class=\"fusion-fullwidth fullwidth-box fusion-builder-row-1 fusion-flex-container nonhundred-percent-fullwidth non-hundred-percent-height-scrolling fusion-no-small-visibility\" style=\"--awb-border-radius-top-left:0px;--awb-border-radius-top-right:0px;--awb-border-radius-bottom-right:0px;--awb-border-radius-bottom-left:0px;--awb-flex-wrap:wrap;\" ><div class=\"fusion-builder-row fusion-row fusion-flex-align-items-flex-start fusion-flex-content-wrap\" style=\"max-width:1216.8px;margin-left: calc(-4% \/ 2 );margin-right: calc(-4% \/ 2 );\"><div class=\"fusion-layout-column fusion_builder_column fusion-builder-column-0 fusion_builder_column_1_1 1_1 fusion-flex-column\" style=\"--awb-bg-size:cover;--awb-width-large:100%;--awb-margin-top-large:0px;--awb-spacing-right-large:1.92%;--awb-margin-bottom-large:20px;--awb-spacing-left-large:1.92%;--awb-width-medium:100%;--awb-order-medium:0;--awb-spacing-right-medium:1.92%;--awb-spacing-left-medium:1.92%;--awb-width-small:100%;--awb-order-small:0;--awb-spacing-right-small:1.92%;--awb-spacing-left-small:1.92%;\"><div class=\"fusion-column-wrapper fusion-column-has-shadow fusion-flex-justify-content-flex-start fusion-content-layout-column\"><div class=\"fusion-text fusion-text-1\"><h3 style=\"text-align: center;\"><strong>GLORIA KOTNIK, deskanje na snegu<\/strong><\/h3>\n<p style=\"text-align: center;\">1. junij 1989<\/p>\n<div style=\"text-align: center;\"><span style=\"color: #000000;\"><span class=\"il\">Gloria<\/span>\u00a0Kotnik, slovenska deskarka na snegu.\u00a0<\/span><\/div>\n<div style=\"text-align: center;\"><span style=\"color: #000000;\"><span class=\"il\">Gloria<\/span>\u00a0Kotnik je za Slovenijo nastopila na \u0161tirih zimskih olimpijskih igrah. Leta 2022 je osvojila bronasto medaljo v paralelnem veleslalomu.<br \/>\n<\/span><\/div>\n<p style=\"text-align: center;\"><em>&#8220;Jaz sem bila skozi ves \u010das moje kariere za ve\u010dino stvari sama. Dokler to ne gre v ve\u010dji obseg, \u0161e nekako gre, ampak je definitivno sedaj vse skupaj na tej to\u010dki, ko je to postalo preve\u010d obremenjujo\u010de in sem zelo zelo vesela, da mi boste prisko\u010dili na pomo\u010d. Se mi pa vseeno zdi, da je tudi za mlade \u0161portnike pomembno, da imajo podporo \u017ee od za\u010detka, ker jim bo skozi celotno kariero veliko la\u017eje in bodo bolj\u0161e pripravljeni za vse kar jih \u010daka na tej poti. Zato se mi zdi projekt Mastercard \u0160portne akademije, ki jo imate za mlade res vrhunski. To je nekaj, kar mi je manjkalo, ko sem bila mlaj\u0161a.&#8221;<\/em><\/p>\n<\/div><\/div><\/div><\/div><\/div><div class=\"fusion-fullwidth fullwidth-box fusion-builder-row-2 fusion-flex-container nonhundred-percent-fullwidth non-hundred-percent-height-scrolling fusion-no-medium-visibility fusion-no-large-visibility\" style=\"--awb-border-radius-top-left:0px;--awb-border-radius-top-right:0px;--awb-border-radius-bottom-right:0px;--awb-border-radius-bottom-left:0px;--awb-padding-bottom:0px;--awb-flex-wrap:wrap;\" ><div class=\"fusion-builder-row fusion-row fusion-flex-align-items-flex-start fusion-flex-content-wrap\" style=\"max-width:1216.8px;margin-left: calc(-4% \/ 2 );margin-right: calc(-4% \/ 2 );\"><div class=\"fusion-layout-column fusion_builder_column fusion-builder-column-1 fusion_builder_column_1_1 1_1 fusion-flex-column\" style=\"--awb-bg-size:cover;--awb-width-large:100%;--awb-margin-top-large:0px;--awb-spacing-right-large:1.92%;--awb-margin-bottom-large:20px;--awb-spacing-left-large:1.92%;--awb-width-medium:100%;--awb-order-medium:0;--awb-spacing-right-medium:1.92%;--awb-spacing-left-medium:1.92%;--awb-width-small:100%;--awb-order-small:0;--awb-spacing-right-small:1.92%;--awb-spacing-left-small:1.92%;\"><div class=\"fusion-column-wrapper fusion-column-has-shadow fusion-flex-justify-content-flex-start fusion-content-layout-column\"><div class=\"fusion-text fusion-text-2\"><h3 style=\"text-align: center;\"><strong>GLORIA KOTNIK, deskanje na snegu<\/strong><\/h3>\n<\/div><\/div><\/div><div class=\"fusion-layout-column fusion_builder_column fusion-builder-column-2 fusion_builder_column_1_1 1_1 fusion-flex-column\" style=\"--awb-bg-size:cover;--awb-width-large:100%;--awb-margin-top-large:0px;--awb-spacing-right-large:1.92%;--awb-margin-bottom-large:0px;--awb-spacing-left-large:1.92%;--awb-width-medium:100%;--awb-order-medium:0;--awb-spacing-right-medium:1.92%;--awb-spacing-left-medium:1.92%;--awb-width-small:100%;--awb-order-small:0;--awb-spacing-right-small:1.92%;--awb-spacing-left-small:1.92%;\"><div class=\"fusion-column-wrapper fusion-column-has-shadow fusion-flex-justify-content-flex-start fusion-content-layout-column\"><div class=\"fusion-text fusion-text-3\" style=\"--awb-font-size:14px;--awb-line-height:1.2;\"><p style=\"text-align: center;\">1. junij 1989<\/p>\n<div style=\"text-align: center;\"><span style=\"color: #000000;\"><span class=\"il\">Gloria<\/span>\u00a0Kotnik, slovenska deskarka na snegu.\u00a0<\/span><\/div>\n<div style=\"text-align: center;\"><span style=\"color: #000000;\"><span class=\"il\">Gloria<\/span>\u00a0Kotnik je za Slovenijo nastopila na \u0161tirih zimskih olimpijskih igrah. Leta 2022 je osvojila bronasto medaljo v paralelnem veleslalomu.<\/span><\/div>\n<p style=\"text-align: center;\"><em>&#8220;Jaz sem bila skozi ves \u010das moje kariere za ve\u010dino stvari sama. Dokler to ne gre v ve\u010dji obseg, \u0161e nekako gre, ampak je definitivno sedaj vse skupaj na tej to\u010dki, ko je to postalo preve\u010d obremenjujo\u010de in sem zelo zelo vesela, da mi boste prisko\u010dili na pomo\u010d. Se mi pa vseeno zdi, da je tudi za mlade \u0161portnike pomembno, da imajo podporo \u017ee od za\u010detka, ker jim bo skozi celotno kariero veliko la\u017eje in bodo bolj\u0161e pripravljeni za vse kar jih \u010daka na tej poti. Zato se mi zdi projekt Mastercard \u0160portne akademije, ki jo imate za mlade res vrhunski. To je nekaj, kar mi je manjkalo, ko sem bila mlaj\u0161a.&#8221;<\/em><\/p>\n<\/div><\/div><\/div><\/div><\/div><div class=\"fusion-fullwidth fullwidth-box fusion-builder-row-3 fusion-flex-container nonhundred-percent-fullwidth non-hundred-percent-height-scrolling\" style=\"--awb-border-radius-top-left:0px;--awb-border-radius-top-right:0px;--awb-border-radius-bottom-right:0px;--awb-border-radius-bottom-left:0px;--awb-flex-wrap:wrap;\" ><div class=\"fusion-builder-row fusion-row fusion-flex-align-items-flex-start fusion-flex-content-wrap\" style=\"max-width:1216.8px;margin-left: calc(-4% \/ 2 );margin-right: calc(-4% \/ 2 );\"><div class=\"fusion-layout-column fusion_builder_column fusion-builder-column-3 fusion_builder_column_1_1 1_1 fusion-flex-column\" style=\"--awb-bg-size:cover;--awb-width-large:100%;--awb-margin-top-large:0px;--awb-spacing-right-large:1.92%;--awb-margin-bottom-large:20px;--awb-spacing-left-large:1.92%;--awb-width-medium:100%;--awb-order-medium:0;--awb-spacing-right-medium:1.92%;--awb-spacing-left-medium:1.92%;--awb-width-small:100%;--awb-order-small:0;--awb-spacing-right-small:1.92%;--awb-spacing-left-small:1.92%;\"><div class=\"fusion-column-wrapper fusion-column-has-shadow fusion-flex-justify-content-flex-start fusion-content-layout-column\"><div class=\"fusion-image-element\" style=\"text-align:center;--awb-caption-title-font-family:var(--h2_typography-font-family);--awb-caption-title-font-weight:var(--h2_typography-font-weight);--awb-caption-title-font-style:var(--h2_typography-font-style);--awb-caption-title-size:var(--h2_typography-font-size);--awb-caption-title-transform:var(--h2_typography-text-transform);--awb-caption-title-line-height:var(--h2_typography-line-height);--awb-caption-title-letter-spacing:var(--h2_typography-letter-spacing);\"><span class=\"fusion-imageframe imageframe-none imageframe-1 hover-type-none\"><img decoding=\"async\" width=\"1179\" height=\"1184\" alt=\"Gloria Kotnik\" title=\"Gloria Kotnik (4)\" src=\"https:\/\/proelium.si\/wp-content\/uploads\/2024\/03\/Gloria-Kotnik-4.jpg\" class=\"img-responsive wp-image-11825\" srcset=\"https:\/\/proelium.si\/wp-content\/uploads\/2024\/03\/Gloria-Kotnik-4-200x201.jpg 200w, https:\/\/proelium.si\/wp-content\/uploads\/2024\/03\/Gloria-Kotnik-4-400x402.jpg 400w, https:\/\/proelium.si\/wp-content\/uploads\/2024\/03\/Gloria-Kotnik-4-600x603.jpg 600w, https:\/\/proelium.si\/wp-content\/uploads\/2024\/03\/Gloria-Kotnik-4-800x803.jpg 800w, https:\/\/proelium.si\/wp-content\/uploads\/2024\/03\/Gloria-Kotnik-4.jpg 1179w\" sizes=\"(max-width: 1024px) 100vw, (max-width: 640px) 100vw, 1179px\" \/><\/span><\/div><\/div><\/div><\/div><\/div><div class=\"fusion-fullwidth fullwidth-box fusion-builder-row-4 fusion-flex-container nonhundred-percent-fullwidth non-hundred-percent-height-scrolling\" style=\"--link_hover_color: #ffffff;--link_color: #ffffff;--awb-border-radius-top-left:0px;--awb-border-radius-top-right:0px;--awb-border-radius-bottom-right:0px;--awb-border-radius-bottom-left:0px;--awb-padding-top:40px;--awb-padding-bottom:20px;--awb-margin-bottom-small:0px;--awb-background-color:#ffffff;--awb-flex-wrap:wrap;\" ><div class=\"fusion-builder-row fusion-row fusion-flex-align-items-center fusion-flex-justify-content-center fusion-flex-content-wrap\" style=\"max-width:1216.8px;margin-left: calc(-4% \/ 2 );margin-right: calc(-4% \/ 2 );\"><div class=\"fusion-layout-column fusion_builder_column fusion-builder-column-4 fusion_builder_column_1_6 1_6 fusion-flex-column fusion-flex-align-self-center fusion-column-inner-bg-wrapper\" style=\"--awb-inner-bg-size:cover;--awb-width-large:16.666666666667%;--awb-margin-top-large:0px;--awb-spacing-right-large:11.52%;--awb-margin-bottom-large:20px;--awb-spacing-left-large:11.52%;--awb-width-medium:100%;--awb-order-medium:0;--awb-spacing-right-medium:1.92%;--awb-spacing-left-medium:1.92%;--awb-width-small:25%;--awb-order-small:0;--awb-spacing-right-small:7.68%;--awb-margin-bottom-small:0px;--awb-spacing-left-small:7.68%;\" data-scroll-devices=\"small-visibility,medium-visibility,large-visibility\"><span class=\"fusion-column-inner-bg hover-type-none\"><a class=\"fusion-column-anchor\" href=\"https:\/\/gloriakotnik.si\/\" rel=\"noopener noreferrer\" target=\"_blank\"><span class=\"fusion-column-inner-bg-image\"><\/span><\/a><\/span><div class=\"fusion-column-wrapper fusion-column-has-shadow fusion-flex-justify-content-center fusion-content-layout-column\"><i class=\"fb-icon-element-1 fb-icon-element fontawesome-icon fa-globe fas circle-no\" style=\"--awb-iconcolor:#101427;--awb-iconcolor-hover:#101427;--awb-font-size:20px;--awb-margin-top:0;--awb-margin-right:0;--awb-margin-bottom:0;--awb-margin-left:0;--awb-align-self:center;\"><\/i><\/div><\/div><div class=\"fusion-layout-column fusion_builder_column fusion-builder-column-5 fusion_builder_column_1_6 1_6 fusion-flex-column fusion-flex-align-self-center fusion-column-inner-bg-wrapper\" style=\"--awb-inner-bg-size:cover;--awb-width-large:16.666666666667%;--awb-margin-top-large:0px;--awb-spacing-right-large:11.52%;--awb-margin-bottom-large:20px;--awb-spacing-left-large:11.52%;--awb-width-medium:100%;--awb-order-medium:0;--awb-spacing-right-medium:1.92%;--awb-spacing-left-medium:1.92%;--awb-width-small:25%;--awb-order-small:0;--awb-spacing-right-small:7.68%;--awb-margin-bottom-small:0px;--awb-spacing-left-small:7.68%;\" data-scroll-devices=\"small-visibility,medium-visibility,large-visibility\"><span class=\"fusion-column-inner-bg hover-type-none\"><a class=\"fusion-column-anchor\" href=\"https:\/\/www.facebook.com\/kotnikG%20\" rel=\"noopener noreferrer\" target=\"_blank\"><span class=\"fusion-column-inner-bg-image\"><\/span><\/a><\/span><div class=\"fusion-column-wrapper fusion-column-has-shadow fusion-flex-justify-content-center fusion-content-layout-column\"><i class=\"fb-icon-element-2 fb-icon-element fontawesome-icon fa-facebook-f fab circle-no\" style=\"--awb-iconcolor:#101427;--awb-iconcolor-hover:#101427;--awb-font-size:20px;--awb-margin-top:0;--awb-margin-right:0;--awb-margin-bottom:0;--awb-margin-left:0;--awb-align-self:center;\"><\/i><\/div><\/div><div class=\"fusion-layout-column fusion_builder_column fusion-builder-column-6 fusion_builder_column_1_6 1_6 fusion-flex-column fusion-flex-align-self-center fusion-column-inner-bg-wrapper\" style=\"--awb-inner-bg-size:cover;--awb-width-large:16.666666666667%;--awb-margin-top-large:0px;--awb-spacing-right-large:11.52%;--awb-margin-bottom-large:20px;--awb-spacing-left-large:11.52%;--awb-width-medium:100%;--awb-order-medium:0;--awb-spacing-right-medium:1.92%;--awb-spacing-left-medium:1.92%;--awb-width-small:25%;--awb-order-small:0;--awb-spacing-right-small:7.68%;--awb-margin-bottom-small:0px;--awb-spacing-left-small:7.68%;\" data-scroll-devices=\"small-visibility,medium-visibility,large-visibility\"><span class=\"fusion-column-inner-bg hover-type-none\"><a class=\"fusion-column-anchor\" href=\"https:\/\/www.instagram.com\/gloriakotnik\/\" rel=\"noopener noreferrer\" target=\"_blank\"><span class=\"fusion-column-inner-bg-image\"><\/span><\/a><\/span><div class=\"fusion-column-wrapper fusion-column-has-shadow fusion-flex-justify-content-center fusion-content-layout-column\"><i class=\"fb-icon-element-3 fb-icon-element fontawesome-icon fa-instagram fab circle-no\" style=\"--awb-iconcolor:#101427;--awb-iconcolor-hover:#101427;--awb-font-size:20px;--awb-margin-top:0;--awb-margin-right:0;--awb-margin-bottom:0;--awb-margin-left:0;--awb-align-self:center;\"><\/i><\/div><\/div><\/div><\/div><\/p>","protected":false},"excerpt":{"rendered":"","protected":false},"author":1,"featured_media":11825,"parent":0,"menu_order":0,"comment_status":"closed","ping_status":"closed","template":"","meta":{"footnotes":""},"class_list":["post-10890","page","type-page","status-publish","has-post-thumbnail","hentry"],"yoast_head":"<!-- This site is optimized with the Yoast SEO plugin v26.6 - https:\/\/yoast.com\/wordpress\/plugins\/seo\/ -->\n<title>Gloria Kotnik - Proelium<\/title>\n<meta name=\"description\" content=\"Gloria\u00a0Kotnik, slovenska deskarka na snegu.\u00a0Za Slovenijo je nastopila na \u0161tirih zimskih olimpijskih igrah. Leta 2022 je osvojila bronasto medaljo v paralelnem veleslalomu.\" \/>\n<meta name=\"robots\" content=\"index, follow, max-snippet:-1, max-image-preview:large, max-video-preview:-1\" \/>\n<link rel=\"canonical\" href=\"https:\/\/proelium.si\/en\/gloriakotnik\/\" \/>\n<meta property=\"og:locale\" content=\"en_GB\" \/>\n<meta property=\"og:type\" content=\"article\" \/>\n<meta property=\"og:title\" content=\"Gloria Kotnik - Proelium\" \/>\n<meta property=\"og:description\" content=\"Gloria\u00a0Kotnik, slovenska deskarka na snegu.\u00a0Za Slovenijo je nastopila na \u0161tirih zimskih olimpijskih igrah. Leta 2022 je osvojila bronasto medaljo v paralelnem veleslalomu.\" \/>\n<meta property=\"og:url\" content=\"https:\/\/proelium.si\/en\/gloriakotnik\/\" \/>\n<meta property=\"og:site_name\" content=\"Proelium\" \/>\n<meta property=\"article:publisher\" content=\"https:\/\/www.facebook.com\/proeliumsportsagency\" \/>\n<meta property=\"article:modified_time\" content=\"2025-11-04T21:31:08+00:00\" \/>\n<meta property=\"og:image\" content=\"https:\/\/proelium.si\/wp-content\/uploads\/2024\/03\/Gloria-Kotnik-4.jpg\" \/>\n\t<meta property=\"og:image:width\" content=\"1179\" \/>\n\t<meta property=\"og:image:height\" content=\"1184\" \/>\n\t<meta property=\"og:image:type\" content=\"image\/jpeg\" \/>\n<meta name=\"twitter:card\" content=\"summary_large_image\" \/>\n<meta name=\"twitter:site\" content=\"@proeliumagency\" \/>\n<meta name=\"twitter:label1\" content=\"Estimated reading time\" \/>\n\t<meta name=\"twitter:data1\" content=\"3 minutes\" \/>\n<script type=\"application\/ld+json\" class=\"yoast-schema-graph\">{\"@context\":\"https:\/\/schema.org\",\"@graph\":[{\"@type\":\"WebPage\",\"@id\":\"https:\/\/proelium.si\/en\/gloriakotnik\/\",\"url\":\"https:\/\/proelium.si\/en\/gloriakotnik\/\",\"name\":\"Gloria Kotnik - Proelium\",\"isPartOf\":{\"@id\":\"https:\/\/proelium.si\/en\/#website\"},\"primaryImageOfPage\":{\"@id\":\"https:\/\/proelium.si\/en\/gloriakotnik\/#primaryimage\"},\"image\":{\"@id\":\"https:\/\/proelium.si\/en\/gloriakotnik\/#primaryimage\"},\"thumbnailUrl\":\"https:\/\/proelium.si\/wp-content\/uploads\/2024\/03\/Gloria-Kotnik-4.jpg\",\"datePublished\":\"2023-06-15T10:29:18+00:00\",\"dateModified\":\"2025-11-04T21:31:08+00:00\",\"description\":\"Gloria\u00a0Kotnik, slovenska deskarka na snegu.\u00a0Za Slovenijo je nastopila na \u0161tirih zimskih olimpijskih igrah. Leta 2022 je osvojila bronasto medaljo v paralelnem veleslalomu.\",\"breadcrumb\":{\"@id\":\"https:\/\/proelium.si\/en\/gloriakotnik\/#breadcrumb\"},\"inLanguage\":\"en-GB\",\"potentialAction\":[{\"@type\":\"ReadAction\",\"target\":[\"https:\/\/proelium.si\/en\/gloriakotnik\/\"]}]},{\"@type\":\"ImageObject\",\"inLanguage\":\"en-GB\",\"@id\":\"https:\/\/proelium.si\/en\/gloriakotnik\/#primaryimage\",\"url\":\"https:\/\/proelium.si\/wp-content\/uploads\/2024\/03\/Gloria-Kotnik-4.jpg\",\"contentUrl\":\"https:\/\/proelium.si\/wp-content\/uploads\/2024\/03\/Gloria-Kotnik-4.jpg\",\"width\":1179,\"height\":1184},{\"@type\":\"BreadcrumbList\",\"@id\":\"https:\/\/proelium.si\/en\/gloriakotnik\/#breadcrumb\",\"itemListElement\":[{\"@type\":\"ListItem\",\"position\":1,\"name\":\"Home\",\"item\":\"https:\/\/proelium.si\/\"},{\"@type\":\"ListItem\",\"position\":2,\"name\":\"Gloria Kotnik\"}]},{\"@type\":\"WebSite\",\"@id\":\"https:\/\/proelium.si\/en\/#website\",\"url\":\"https:\/\/proelium.si\/en\/\",\"name\":\"Proelium\",\"description\":\"Proelium\",\"publisher\":{\"@id\":\"https:\/\/proelium.si\/en\/#organization\"},\"potentialAction\":[{\"@type\":\"SearchAction\",\"target\":{\"@type\":\"EntryPoint\",\"urlTemplate\":\"https:\/\/proelium.si\/en\/?s={search_term_string}\"},\"query-input\":{\"@type\":\"PropertyValueSpecification\",\"valueRequired\":true,\"valueName\":\"search_term_string\"}}],\"inLanguage\":\"en-GB\"},{\"@type\":\"Organization\",\"@id\":\"https:\/\/proelium.si\/en\/#organization\",\"name\":\"\u0160portna agencija Proelium\",\"url\":\"https:\/\/proelium.si\/en\/\",\"logo\":{\"@type\":\"ImageObject\",\"inLanguage\":\"en-GB\",\"@id\":\"https:\/\/proelium.si\/en\/#\/schema\/logo\/image\/\",\"url\":\"https:\/\/proelium.si\/wp-content\/uploads\/2020\/12\/Logo-Agency.png\",\"contentUrl\":\"https:\/\/proelium.si\/wp-content\/uploads\/2020\/12\/Logo-Agency.png\",\"width\":1193,\"height\":346,\"caption\":\"\u0160portna agencija Proelium\"},\"image\":{\"@id\":\"https:\/\/proelium.si\/en\/#\/schema\/logo\/image\/\"},\"sameAs\":[\"https:\/\/www.facebook.com\/proeliumsportsagency\",\"https:\/\/x.com\/proeliumagency\"]}]}<\/script>\n<!-- \/ Yoast SEO plugin. -->","yoast_head_json":{"title":"Gloria Kotnik - Proelium","description":"Gloria\u00a0Kotnik, slovenska deskarka na snegu.\u00a0Za Slovenijo je nastopila na \u0161tirih zimskih olimpijskih igrah. Leta 2022 je osvojila bronasto medaljo v paralelnem veleslalomu.","robots":{"index":"index","follow":"follow","max-snippet":"max-snippet:-1","max-image-preview":"max-image-preview:large","max-video-preview":"max-video-preview:-1"},"canonical":"https:\/\/proelium.si\/en\/gloriakotnik\/","og_locale":"en_GB","og_type":"article","og_title":"Gloria Kotnik - Proelium","og_description":"Gloria\u00a0Kotnik, slovenska deskarka na snegu.\u00a0Za Slovenijo je nastopila na \u0161tirih zimskih olimpijskih igrah. Leta 2022 je osvojila bronasto medaljo v paralelnem veleslalomu.","og_url":"https:\/\/proelium.si\/en\/gloriakotnik\/","og_site_name":"Proelium","article_publisher":"https:\/\/www.facebook.com\/proeliumsportsagency","article_modified_time":"2025-11-04T21:31:08+00:00","og_image":[{"width":1179,"height":1184,"url":"https:\/\/proelium.si\/wp-content\/uploads\/2024\/03\/Gloria-Kotnik-4.jpg","type":"image\/jpeg"}],"twitter_card":"summary_large_image","twitter_site":"@proeliumagency","twitter_misc":{"Estimated reading time":"3 minutes"},"schema":{"@context":"https:\/\/schema.org","@graph":[{"@type":"WebPage","@id":"https:\/\/proelium.si\/en\/gloriakotnik\/","url":"https:\/\/proelium.si\/en\/gloriakotnik\/","name":"Gloria Kotnik - Proelium","isPartOf":{"@id":"https:\/\/proelium.si\/en\/#website"},"primaryImageOfPage":{"@id":"https:\/\/proelium.si\/en\/gloriakotnik\/#primaryimage"},"image":{"@id":"https:\/\/proelium.si\/en\/gloriakotnik\/#primaryimage"},"thumbnailUrl":"https:\/\/proelium.si\/wp-content\/uploads\/2024\/03\/Gloria-Kotnik-4.jpg","datePublished":"2023-06-15T10:29:18+00:00","dateModified":"2025-11-04T21:31:08+00:00","description":"Gloria\u00a0Kotnik, slovenska deskarka na snegu.\u00a0Za Slovenijo je nastopila na \u0161tirih zimskih olimpijskih igrah. Leta 2022 je osvojila bronasto medaljo v paralelnem veleslalomu.","breadcrumb":{"@id":"https:\/\/proelium.si\/en\/gloriakotnik\/#breadcrumb"},"inLanguage":"en-GB","potentialAction":[{"@type":"ReadAction","target":["https:\/\/proelium.si\/en\/gloriakotnik\/"]}]},{"@type":"ImageObject","inLanguage":"en-GB","@id":"https:\/\/proelium.si\/en\/gloriakotnik\/#primaryimage","url":"https:\/\/proelium.si\/wp-content\/uploads\/2024\/03\/Gloria-Kotnik-4.jpg","contentUrl":"https:\/\/proelium.si\/wp-content\/uploads\/2024\/03\/Gloria-Kotnik-4.jpg","width":1179,"height":1184},{"@type":"BreadcrumbList","@id":"https:\/\/proelium.si\/en\/gloriakotnik\/#breadcrumb","itemListElement":[{"@type":"ListItem","position":1,"name":"Home","item":"https:\/\/proelium.si\/"},{"@type":"ListItem","position":2,"name":"Gloria Kotnik"}]},{"@type":"WebSite","@id":"https:\/\/proelium.si\/en\/#website","url":"https:\/\/proelium.si\/en\/","name":"Proelium","description":"Proelium","publisher":{"@id":"https:\/\/proelium.si\/en\/#organization"},"potentialAction":[{"@type":"SearchAction","target":{"@type":"EntryPoint","urlTemplate":"https:\/\/proelium.si\/en\/?s={search_term_string}"},"query-input":{"@type":"PropertyValueSpecification","valueRequired":true,"valueName":"search_term_string"}}],"inLanguage":"en-GB"},{"@type":"Organization","@id":"https:\/\/proelium.si\/en\/#organization","name":"\u0160portna agencija Proelium","url":"https:\/\/proelium.si\/en\/","logo":{"@type":"ImageObject","inLanguage":"en-GB","@id":"https:\/\/proelium.si\/en\/#\/schema\/logo\/image\/","url":"https:\/\/proelium.si\/wp-content\/uploads\/2020\/12\/Logo-Agency.png","contentUrl":"https:\/\/proelium.si\/wp-content\/uploads\/2020\/12\/Logo-Agency.png","width":1193,"height":346,"caption":"\u0160portna agencija Proelium"},"image":{"@id":"https:\/\/proelium.si\/en\/#\/schema\/logo\/image\/"},"sameAs":["https:\/\/www.facebook.com\/proeliumsportsagency","https:\/\/x.com\/proeliumagency"]}]}},"_links":{"self":[{"href":"https:\/\/proelium.si\/en\/wp-json\/wp\/v2\/pages\/10890","targetHints":{"allow":["GET"]}}],"collection":[{"href":"https:\/\/proelium.si\/en\/wp-json\/wp\/v2\/pages"}],"about":[{"href":"https:\/\/proelium.si\/en\/wp-json\/wp\/v2\/types\/page"}],"author":[{"embeddable":true,"href":"https:\/\/proelium.si\/en\/wp-json\/wp\/v2\/users\/1"}],"replies":[{"embeddable":true,"href":"https:\/\/proelium.si\/en\/wp-json\/wp\/v2\/comments?post=10890"}],"version-history":[{"count":7,"href":"https:\/\/proelium.si\/en\/wp-json\/wp\/v2\/pages\/10890\/revisions"}],"predecessor-version":[{"id":12450,"href":"https:\/\/proelium.si\/en\/wp-json\/wp\/v2\/pages\/10890\/revisions\/12450"}],"wp:featuredmedia":[{"embeddable":true,"href":"https:\/\/proelium.si\/en\/wp-json\/wp\/v2\/media\/11825"}],"wp:attachment":[{"href":"https:\/\/proelium.si\/en\/wp-json\/wp\/v2\/media?parent=10890"}],"curies":[{"name":"wp","href":"https:\/\/api.w.org\/{rel}","templated":true}]}}