{"id":11124,"date":"2023-07-25T20:26:17","date_gmt":"2023-07-25T19:26:17","guid":{"rendered":"https:\/\/proelium.si\/?page_id=11124"},"modified":"2023-07-25T20:28:29","modified_gmt":"2023-07-25T19:28:29","slug":"ofem2023","status":"publish","type":"page","link":"https:\/\/proelium.si\/en\/ofem2023\/","title":{"rendered":"OFEM 2023"},"content":{"rendered":"<p><div class=\"fusion-fullwidth fullwidth-box fusion-builder-row-1 fusion-flex-container nonhundred-percent-fullwidth non-hundred-percent-height-scrolling fusion-no-small-visibility\" style=\"--awb-border-radius-top-left:0px;--awb-border-radius-top-right:0px;--awb-border-radius-bottom-right:0px;--awb-border-radius-bottom-left:0px;--awb-flex-wrap:wrap;\" ><div class=\"fusion-builder-row fusion-row fusion-flex-align-items-flex-start fusion-flex-content-wrap\" style=\"max-width:1216.8px;margin-left: calc(-4% \/ 2 );margin-right: calc(-4% \/ 2 );\"><div class=\"fusion-layout-column fusion_builder_column fusion-builder-column-0 fusion_builder_column_1_1 1_1 fusion-flex-column\" style=\"--awb-bg-size:cover;--awb-width-large:100%;--awb-margin-top-large:0px;--awb-spacing-right-large:1.92%;--awb-margin-bottom-large:20px;--awb-spacing-left-large:1.92%;--awb-width-medium:100%;--awb-order-medium:0;--awb-spacing-right-medium:1.92%;--awb-spacing-left-medium:1.92%;--awb-width-small:100%;--awb-order-small:0;--awb-spacing-right-small:1.92%;--awb-spacing-left-small:1.92%;\"><div class=\"fusion-column-wrapper fusion-column-has-shadow fusion-flex-justify-content-flex-start fusion-content-layout-column\"><div class=\"fusion-text fusion-text-1\"><h3 style=\"text-align: center;\">OFEM 2023<\/h3>\n<p style=\"text-align: center;\">Sodelovanje pri Olimpijskem festivalu evropske mladine, ki je z ve\u010d kot 30-letno tradicijo najve\u010dji ve\u010dpano\u017eni \u0161portni dogodek za mlade \u0161portnike med 14. in 18. letom. Sodeluje 50 dr\u017eav evropskega kontinenta (v letu 2023 v Sloveniji 48 dr\u017eav) s pribli\u017eno 3.600 udele\u017eenci.<br \/>\nV na\u0161i agenciji smo pripravljali video material za dru\u017ebena omre\u017eja in skrbeli za uradni TikTok profil Olimpijskega festivala Evropske mladine. Na\u0161 odli\u010dni odbojkarski reprezentant Rok Mo\u017ei\u010d je bil ob tem tudi ponosen ambasador OFEM 2023.<\/p>\n<\/div><\/div><\/div><\/div><\/div><div class=\"fusion-fullwidth fullwidth-box fusion-builder-row-2 fusion-flex-container nonhundred-percent-fullwidth non-hundred-percent-height-scrolling fusion-no-medium-visibility fusion-no-large-visibility\" style=\"--awb-border-radius-top-left:0px;--awb-border-radius-top-right:0px;--awb-border-radius-bottom-right:0px;--awb-border-radius-bottom-left:0px;--awb-flex-wrap:wrap;\" ><div class=\"fusion-builder-row fusion-row fusion-flex-align-items-flex-start fusion-flex-content-wrap\" style=\"max-width:1216.8px;margin-left: calc(-4% \/ 2 );margin-right: calc(-4% \/ 2 );\"><div class=\"fusion-layout-column fusion_builder_column fusion-builder-column-1 fusion_builder_column_1_1 1_1 fusion-flex-column\" style=\"--awb-bg-size:cover;--awb-width-large:100%;--awb-margin-top-large:0px;--awb-spacing-right-large:1.92%;--awb-margin-bottom-large:10px;--awb-spacing-left-large:1.92%;--awb-width-medium:100%;--awb-order-medium:0;--awb-spacing-right-medium:1.92%;--awb-spacing-left-medium:1.92%;--awb-width-small:100%;--awb-order-small:0;--awb-spacing-right-small:1.92%;--awb-spacing-left-small:1.92%;\"><div class=\"fusion-column-wrapper fusion-column-has-shadow fusion-flex-justify-content-flex-start fusion-content-layout-column\"><div class=\"fusion-text fusion-text-2\"><h3 style=\"text-align: center;\">OFEM 2023<\/h3>\n<\/div><\/div><\/div><div class=\"fusion-layout-column fusion_builder_column fusion-builder-column-2 fusion_builder_column_1_1 1_1 fusion-flex-column\" style=\"--awb-bg-size:cover;--awb-width-large:100%;--awb-margin-top-large:0px;--awb-spacing-right-large:1.92%;--awb-margin-bottom-large:0px;--awb-spacing-left-large:1.92%;--awb-width-medium:100%;--awb-order-medium:0;--awb-spacing-right-medium:1.92%;--awb-spacing-left-medium:1.92%;--awb-width-small:100%;--awb-order-small:0;--awb-spacing-right-small:1.92%;--awb-spacing-left-small:1.92%;\"><div class=\"fusion-column-wrapper fusion-column-has-shadow fusion-flex-justify-content-flex-start fusion-content-layout-column\"><div class=\"fusion-text fusion-text-3\" style=\"--awb-font-size:14px;--awb-line-height:1.2;\"><p style=\"text-align: center;\">Sodelovanje pri Olimpijskem festivalu evropske mladine, ki je z ve\u010d kot 30-letno tradicijo najve\u010dji ve\u010dpano\u017eni \u0161portni dogodek za mlade \u0161portnike med 14. in 18. letom. Sodeluje 50 dr\u017eav evropskega kontinenta (v letu 2023 v Sloveniji 48 dr\u017eav) s pribli\u017eno 3.600 udele\u017eenci.<br \/>\nV na\u0161i agenciji smo pripravljali video material za dru\u017ebena omre\u017eja in skrbeli za uradni TikTok profil Olimpijskega festivala Evropske mladine. Na\u0161 odli\u010dni odbojkarski reprezentant Rok Mo\u017ei\u010d je bil ob tem tudi ponosen ambasador OFEM 2023.<\/p>\n<\/div><\/div><\/div><\/div><\/div><div class=\"fusion-fullwidth fullwidth-box fusion-builder-row-3 fusion-flex-container nonhundred-percent-fullwidth non-hundred-percent-height-scrolling\" style=\"--awb-border-radius-top-left:0px;--awb-border-radius-top-right:0px;--awb-border-radius-bottom-right:0px;--awb-border-radius-bottom-left:0px;--awb-margin-bottom-small:0px;--awb-flex-wrap:wrap;\" ><div class=\"fusion-builder-row fusion-row fusion-flex-align-items-center fusion-flex-justify-content-center fusion-flex-content-wrap\" style=\"max-width:1216.8px;margin-left: calc(-4% \/ 2 );margin-right: calc(-4% \/ 2 );\"><div class=\"fusion-layout-column fusion_builder_column fusion-builder-column-3 fusion_builder_column_1_2 1_2 fusion-flex-column fusion-flex-align-self-center\" style=\"--awb-bg-size:cover;--awb-width-large:50%;--awb-margin-top-large:0px;--awb-spacing-right-large:3.84%;--awb-margin-bottom-large:20px;--awb-spacing-left-large:3.84%;--awb-width-medium:100%;--awb-order-medium:0;--awb-spacing-right-medium:1.92%;--awb-spacing-left-medium:1.92%;--awb-width-small:100%;--awb-order-small:0;--awb-spacing-right-small:1.92%;--awb-margin-bottom-small:0px;--awb-spacing-left-small:1.92%;\"><div class=\"fusion-column-wrapper fusion-column-has-shadow fusion-flex-justify-content-flex-start fusion-content-layout-column\"><div class=\"fusion-image-element\" style=\"text-align:center;--awb-caption-title-font-family:var(--h2_typography-font-family);--awb-caption-title-font-weight:var(--h2_typography-font-weight);--awb-caption-title-font-style:var(--h2_typography-font-style);--awb-caption-title-size:var(--h2_typography-font-size);--awb-caption-title-transform:var(--h2_typography-text-transform);--awb-caption-title-line-height:var(--h2_typography-line-height);--awb-caption-title-letter-spacing:var(--h2_typography-letter-spacing);\"><span class=\"fusion-imageframe imageframe-none imageframe-1 hover-type-none\"><img decoding=\"async\" width=\"400\" height=\"533\" title=\"OFEM 2023 1\" src=\"https:\/\/proelium.si\/wp-content\/uploads\/2023\/07\/OFEM-2023-1.jpg\" alt class=\"img-responsive wp-image-11126\" srcset=\"https:\/\/proelium.si\/wp-content\/uploads\/2023\/07\/OFEM-2023-1-200x267.jpg 200w, https:\/\/proelium.si\/wp-content\/uploads\/2023\/07\/OFEM-2023-1.jpg 400w\" sizes=\"(max-width: 1024px) 100vw, (max-width: 640px) 100vw, 400px\" \/><\/span><\/div><\/div><\/div><div class=\"fusion-layout-column fusion_builder_column fusion-builder-column-4 fusion_builder_column_1_2 1_2 fusion-flex-column fusion-flex-align-self-center\" style=\"--awb-bg-size:cover;--awb-width-large:50%;--awb-margin-top-large:0px;--awb-spacing-right-large:3.84%;--awb-margin-bottom-large:20px;--awb-spacing-left-large:3.84%;--awb-width-medium:100%;--awb-order-medium:0;--awb-spacing-right-medium:1.92%;--awb-spacing-left-medium:1.92%;--awb-width-small:100%;--awb-order-small:0;--awb-spacing-right-small:1.92%;--awb-margin-bottom-small:0px;--awb-spacing-left-small:1.92%;\"><div class=\"fusion-column-wrapper fusion-column-has-shadow fusion-flex-justify-content-flex-start fusion-content-layout-column\"><div class=\"fusion-image-element\" style=\"text-align:center;--awb-caption-title-font-family:var(--h2_typography-font-family);--awb-caption-title-font-weight:var(--h2_typography-font-weight);--awb-caption-title-font-style:var(--h2_typography-font-style);--awb-caption-title-size:var(--h2_typography-font-size);--awb-caption-title-transform:var(--h2_typography-text-transform);--awb-caption-title-line-height:var(--h2_typography-line-height);--awb-caption-title-letter-spacing:var(--h2_typography-letter-spacing);\"><span class=\"fusion-imageframe imageframe-none imageframe-2 hover-type-none\"><img decoding=\"async\" width=\"400\" height=\"533\" title=\"OFEM 2023 2\" src=\"https:\/\/proelium.si\/wp-content\/uploads\/2023\/07\/OFEM-2023-2.jpg\" alt class=\"img-responsive wp-image-11125\" srcset=\"https:\/\/proelium.si\/wp-content\/uploads\/2023\/07\/OFEM-2023-2-200x267.jpg 200w, https:\/\/proelium.si\/wp-content\/uploads\/2023\/07\/OFEM-2023-2.jpg 400w\" sizes=\"(max-width: 1024px) 100vw, (max-width: 640px) 100vw, 400px\" \/><\/span><\/div><\/div><\/div><\/div><\/div><div class=\"fusion-fullwidth fullwidth-box fusion-builder-row-4 fusion-flex-container nonhundred-percent-fullwidth non-hundred-percent-height-scrolling\" style=\"--link_hover_color: #ffffff;--link_color: #ffffff;--awb-border-radius-top-left:0px;--awb-border-radius-top-right:0px;--awb-border-radius-bottom-right:0px;--awb-border-radius-bottom-left:0px;--awb-padding-top:40px;--awb-padding-bottom:20px;--awb-padding-bottom-small:0px;--awb-margin-bottom-small:0px;--awb-background-color:#ffffff;--awb-flex-wrap:wrap;\" ><div class=\"fusion-builder-row fusion-row fusion-flex-align-items-center fusion-flex-justify-content-center fusion-flex-content-wrap\" style=\"max-width:1216.8px;margin-left: calc(-4% \/ 2 );margin-right: calc(-4% \/ 2 );\"><div class=\"fusion-layout-column fusion_builder_column fusion-builder-column-5 fusion_builder_column_1_6 1_6 fusion-flex-column fusion-flex-align-self-center fusion-column-inner-bg-wrapper\" style=\"--awb-inner-bg-size:cover;--awb-width-large:16.666666666667%;--awb-margin-top-large:0px;--awb-spacing-right-large:11.52%;--awb-margin-bottom-large:20px;--awb-spacing-left-large:11.52%;--awb-width-medium:100%;--awb-order-medium:0;--awb-spacing-right-medium:1.92%;--awb-spacing-left-medium:1.92%;--awb-width-small:25%;--awb-order-small:0;--awb-spacing-right-small:7.68%;--awb-margin-bottom-small:0px;--awb-spacing-left-small:7.68%;\" data-scroll-devices=\"small-visibility,medium-visibility,large-visibility\"><span class=\"fusion-column-inner-bg hover-type-none\"><a class=\"fusion-column-anchor\" href=\"https:\/\/eyof-maribor.com\/\" rel=\"noopener noreferrer\" target=\"_blank\"><span class=\"fusion-column-inner-bg-image\"><\/span><\/a><\/span><div class=\"fusion-column-wrapper fusion-column-has-shadow fusion-flex-justify-content-center fusion-content-layout-column\"><i class=\"fb-icon-element-1 fb-icon-element fontawesome-icon fa-globe fas circle-no\" style=\"--awb-iconcolor:#101427;--awb-iconcolor-hover:#101427;--awb-font-size:20px;--awb-margin-top:0;--awb-margin-right:0;--awb-margin-bottom:0;--awb-margin-left:0;--awb-align-self:center;\"><\/i><\/div><\/div><div class=\"fusion-layout-column fusion_builder_column fusion-builder-column-6 fusion_builder_column_1_6 1_6 fusion-flex-column fusion-flex-align-self-center fusion-column-inner-bg-wrapper\" style=\"--awb-inner-bg-size:cover;--awb-width-large:16.666666666667%;--awb-margin-top-large:0px;--awb-spacing-right-large:11.52%;--awb-margin-bottom-large:20px;--awb-spacing-left-large:11.52%;--awb-width-medium:100%;--awb-order-medium:0;--awb-spacing-right-medium:1.92%;--awb-spacing-left-medium:1.92%;--awb-width-small:25%;--awb-order-small:0;--awb-spacing-right-small:7.68%;--awb-margin-bottom-small:0px;--awb-spacing-left-small:7.68%;\" data-scroll-devices=\"small-visibility,medium-visibility,large-visibility\"><span class=\"fusion-column-inner-bg hover-type-none\"><a class=\"fusion-column-anchor\" href=\"https:\/\/www.facebook.com\/eyof.maribor2023\" rel=\"noopener noreferrer\" target=\"_blank\"><span class=\"fusion-column-inner-bg-image\"><\/span><\/a><\/span><div class=\"fusion-column-wrapper fusion-column-has-shadow fusion-flex-justify-content-center fusion-content-layout-column\"><i class=\"fb-icon-element-2 fb-icon-element fontawesome-icon fa-facebook-f fab circle-no\" style=\"--awb-iconcolor:#101427;--awb-iconcolor-hover:#101427;--awb-font-size:20px;--awb-margin-top:0;--awb-margin-right:0;--awb-margin-bottom:0;--awb-margin-left:0;--awb-align-self:center;\"><\/i><\/div><\/div><div class=\"fusion-layout-column fusion_builder_column fusion-builder-column-7 fusion_builder_column_1_6 1_6 fusion-flex-column fusion-flex-align-self-center fusion-column-inner-bg-wrapper\" style=\"--awb-inner-bg-size:cover;--awb-width-large:16.666666666667%;--awb-margin-top-large:0px;--awb-spacing-right-large:11.52%;--awb-margin-bottom-large:20px;--awb-spacing-left-large:11.52%;--awb-width-medium:100%;--awb-order-medium:0;--awb-spacing-right-medium:1.92%;--awb-spacing-left-medium:1.92%;--awb-width-small:25%;--awb-order-small:0;--awb-spacing-right-small:7.68%;--awb-margin-bottom-small:0px;--awb-spacing-left-small:7.68%;\" data-scroll-devices=\"small-visibility,medium-visibility,large-visibility\"><span class=\"fusion-column-inner-bg hover-type-none\"><a class=\"fusion-column-anchor\" href=\"https:\/\/www.instagram.com\/eyof2023_mariborsi\/\" rel=\"noopener noreferrer\" target=\"_blank\"><span class=\"fusion-column-inner-bg-image\"><\/span><\/a><\/span><div class=\"fusion-column-wrapper fusion-column-has-shadow fusion-flex-justify-content-center fusion-content-layout-column\"><i class=\"fb-icon-element-3 fb-icon-element fontawesome-icon fa-instagram fab circle-no\" style=\"--awb-iconcolor:#101427;--awb-iconcolor-hover:#101427;--awb-font-size:20px;--awb-margin-top:0;--awb-margin-right:0;--awb-margin-bottom:0;--awb-margin-left:0;--awb-align-self:center;\"><\/i><\/div><\/div><div class=\"fusion-layout-column fusion_builder_column fusion-builder-column-8 fusion_builder_column_1_6 1_6 fusion-flex-column fusion-flex-align-self-center fusion-column-inner-bg-wrapper\" style=\"--awb-inner-bg-size:cover;--awb-width-large:16.666666666667%;--awb-margin-top-large:0px;--awb-spacing-right-large:11.52%;--awb-margin-bottom-large:20px;--awb-spacing-left-large:11.52%;--awb-width-medium:100%;--awb-order-medium:0;--awb-spacing-right-medium:1.92%;--awb-spacing-left-medium:1.92%;--awb-width-small:25%;--awb-order-small:0;--awb-spacing-right-small:7.68%;--awb-margin-bottom-small:0px;--awb-spacing-left-small:7.68%;\" data-scroll-devices=\"small-visibility,medium-visibility,large-visibility\"><span class=\"fusion-column-inner-bg hover-type-none\"><a class=\"fusion-column-anchor\" href=\"https:\/\/www.tiktok.com\/@eyof2023_mariborsi\" rel=\"noopener noreferrer\" target=\"_blank\"><span class=\"fusion-column-inner-bg-image\"><\/span><\/a><\/span><div class=\"fusion-column-wrapper fusion-column-has-shadow fusion-flex-justify-content-center fusion-content-layout-column\"><i class=\"fb-icon-element-4 fb-icon-element fontawesome-icon fa-tiktok fab circle-no\" style=\"--awb-iconcolor:#101427;--awb-iconcolor-hover:#101427;--awb-font-size:20px;--awb-margin-top:0;--awb-margin-right:0;--awb-margin-bottom:0;--awb-margin-left:0;--awb-align-self:center;\"><\/i><\/div><\/div><\/div><\/div><\/p>","protected":false},"excerpt":{"rendered":"","protected":false},"author":1,"featured_media":11125,"parent":0,"menu_order":0,"comment_status":"closed","ping_status":"closed","template":"","meta":{"footnotes":""},"class_list":["post-11124","page","type-page","status-publish","has-post-thumbnail","hentry"],"yoast_head":"<!-- This site is optimized with the Yoast SEO plugin v26.6 - https:\/\/yoast.com\/wordpress\/plugins\/seo\/ -->\n<title>OFEM 2023 - Proelium<\/title>\n<meta name=\"robots\" content=\"index, follow, max-snippet:-1, max-image-preview:large, max-video-preview:-1\" \/>\n<link rel=\"canonical\" href=\"https:\/\/proelium.si\/en\/ofem2023\/\" \/>\n<meta property=\"og:locale\" content=\"en_GB\" \/>\n<meta property=\"og:type\" content=\"article\" \/>\n<meta property=\"og:title\" content=\"OFEM 2023 - Proelium\" \/>\n<meta property=\"og:url\" content=\"https:\/\/proelium.si\/en\/ofem2023\/\" \/>\n<meta property=\"og:site_name\" content=\"Proelium\" \/>\n<meta property=\"article:publisher\" content=\"https:\/\/www.facebook.com\/proeliumsportsagency\" \/>\n<meta property=\"article:modified_time\" content=\"2023-07-25T19:28:29+00:00\" \/>\n<meta property=\"og:image\" content=\"https:\/\/proelium.si\/wp-content\/uploads\/2023\/07\/OFEM-2023-2.jpg\" \/>\n\t<meta property=\"og:image:width\" content=\"400\" \/>\n\t<meta property=\"og:image:height\" content=\"533\" \/>\n\t<meta property=\"og:image:type\" content=\"image\/jpeg\" \/>\n<meta name=\"twitter:card\" content=\"summary_large_image\" \/>\n<meta name=\"twitter:site\" content=\"@proeliumagency\" \/>\n<meta name=\"twitter:label1\" content=\"Estimated reading time\" \/>\n\t<meta name=\"twitter:data1\" content=\"13 minutes\" \/>\n<script type=\"application\/ld+json\" class=\"yoast-schema-graph\">{\"@context\":\"https:\/\/schema.org\",\"@graph\":[{\"@type\":\"WebPage\",\"@id\":\"https:\/\/proelium.si\/en\/ofem2023\/\",\"url\":\"https:\/\/proelium.si\/en\/ofem2023\/\",\"name\":\"OFEM 2023 - Proelium\",\"isPartOf\":{\"@id\":\"https:\/\/proelium.si\/en\/#website\"},\"primaryImageOfPage\":{\"@id\":\"https:\/\/proelium.si\/en\/ofem2023\/#primaryimage\"},\"image\":{\"@id\":\"https:\/\/proelium.si\/en\/ofem2023\/#primaryimage\"},\"thumbnailUrl\":\"https:\/\/proelium.si\/wp-content\/uploads\/2023\/07\/OFEM-2023-2.jpg\",\"datePublished\":\"2023-07-25T19:26:17+00:00\",\"dateModified\":\"2023-07-25T19:28:29+00:00\",\"breadcrumb\":{\"@id\":\"https:\/\/proelium.si\/en\/ofem2023\/#breadcrumb\"},\"inLanguage\":\"en-GB\",\"potentialAction\":[{\"@type\":\"ReadAction\",\"target\":[\"https:\/\/proelium.si\/en\/ofem2023\/\"]}]},{\"@type\":\"ImageObject\",\"inLanguage\":\"en-GB\",\"@id\":\"https:\/\/proelium.si\/en\/ofem2023\/#primaryimage\",\"url\":\"https:\/\/proelium.si\/wp-content\/uploads\/2023\/07\/OFEM-2023-2.jpg\",\"contentUrl\":\"https:\/\/proelium.si\/wp-content\/uploads\/2023\/07\/OFEM-2023-2.jpg\",\"width\":400,\"height\":533},{\"@type\":\"BreadcrumbList\",\"@id\":\"https:\/\/proelium.si\/en\/ofem2023\/#breadcrumb\",\"itemListElement\":[{\"@type\":\"ListItem\",\"position\":1,\"name\":\"Home\",\"item\":\"https:\/\/proelium.si\/\"},{\"@type\":\"ListItem\",\"position\":2,\"name\":\"OFEM 2023\"}]},{\"@type\":\"WebSite\",\"@id\":\"https:\/\/proelium.si\/en\/#website\",\"url\":\"https:\/\/proelium.si\/en\/\",\"name\":\"Proelium\",\"description\":\"Proelium\",\"publisher\":{\"@id\":\"https:\/\/proelium.si\/en\/#organization\"},\"potentialAction\":[{\"@type\":\"SearchAction\",\"target\":{\"@type\":\"EntryPoint\",\"urlTemplate\":\"https:\/\/proelium.si\/en\/?s={search_term_string}\"},\"query-input\":{\"@type\":\"PropertyValueSpecification\",\"valueRequired\":true,\"valueName\":\"search_term_string\"}}],\"inLanguage\":\"en-GB\"},{\"@type\":\"Organization\",\"@id\":\"https:\/\/proelium.si\/en\/#organization\",\"name\":\"\u0160portna agencija Proelium\",\"url\":\"https:\/\/proelium.si\/en\/\",\"logo\":{\"@type\":\"ImageObject\",\"inLanguage\":\"en-GB\",\"@id\":\"https:\/\/proelium.si\/en\/#\/schema\/logo\/image\/\",\"url\":\"https:\/\/proelium.si\/wp-content\/uploads\/2020\/12\/Logo-Agency.png\",\"contentUrl\":\"https:\/\/proelium.si\/wp-content\/uploads\/2020\/12\/Logo-Agency.png\",\"width\":1193,\"height\":346,\"caption\":\"\u0160portna agencija Proelium\"},\"image\":{\"@id\":\"https:\/\/proelium.si\/en\/#\/schema\/logo\/image\/\"},\"sameAs\":[\"https:\/\/www.facebook.com\/proeliumsportsagency\",\"https:\/\/x.com\/proeliumagency\"]}]}<\/script>\n<!-- \/ Yoast SEO plugin. -->","yoast_head_json":{"title":"OFEM 2023 - Proelium","robots":{"index":"index","follow":"follow","max-snippet":"max-snippet:-1","max-image-preview":"max-image-preview:large","max-video-preview":"max-video-preview:-1"},"canonical":"https:\/\/proelium.si\/en\/ofem2023\/","og_locale":"en_GB","og_type":"article","og_title":"OFEM 2023 - Proelium","og_url":"https:\/\/proelium.si\/en\/ofem2023\/","og_site_name":"Proelium","article_publisher":"https:\/\/www.facebook.com\/proeliumsportsagency","article_modified_time":"2023-07-25T19:28:29+00:00","og_image":[{"width":400,"height":533,"url":"https:\/\/proelium.si\/wp-content\/uploads\/2023\/07\/OFEM-2023-2.jpg","type":"image\/jpeg"}],"twitter_card":"summary_large_image","twitter_site":"@proeliumagency","twitter_misc":{"Estimated reading time":"13 minutes"},"schema":{"@context":"https:\/\/schema.org","@graph":[{"@type":"WebPage","@id":"https:\/\/proelium.si\/en\/ofem2023\/","url":"https:\/\/proelium.si\/en\/ofem2023\/","name":"OFEM 2023 - Proelium","isPartOf":{"@id":"https:\/\/proelium.si\/en\/#website"},"primaryImageOfPage":{"@id":"https:\/\/proelium.si\/en\/ofem2023\/#primaryimage"},"image":{"@id":"https:\/\/proelium.si\/en\/ofem2023\/#primaryimage"},"thumbnailUrl":"https:\/\/proelium.si\/wp-content\/uploads\/2023\/07\/OFEM-2023-2.jpg","datePublished":"2023-07-25T19:26:17+00:00","dateModified":"2023-07-25T19:28:29+00:00","breadcrumb":{"@id":"https:\/\/proelium.si\/en\/ofem2023\/#breadcrumb"},"inLanguage":"en-GB","potentialAction":[{"@type":"ReadAction","target":["https:\/\/proelium.si\/en\/ofem2023\/"]}]},{"@type":"ImageObject","inLanguage":"en-GB","@id":"https:\/\/proelium.si\/en\/ofem2023\/#primaryimage","url":"https:\/\/proelium.si\/wp-content\/uploads\/2023\/07\/OFEM-2023-2.jpg","contentUrl":"https:\/\/proelium.si\/wp-content\/uploads\/2023\/07\/OFEM-2023-2.jpg","width":400,"height":533},{"@type":"BreadcrumbList","@id":"https:\/\/proelium.si\/en\/ofem2023\/#breadcrumb","itemListElement":[{"@type":"ListItem","position":1,"name":"Home","item":"https:\/\/proelium.si\/"},{"@type":"ListItem","position":2,"name":"OFEM 2023"}]},{"@type":"WebSite","@id":"https:\/\/proelium.si\/en\/#website","url":"https:\/\/proelium.si\/en\/","name":"Proelium","description":"Proelium","publisher":{"@id":"https:\/\/proelium.si\/en\/#organization"},"potentialAction":[{"@type":"SearchAction","target":{"@type":"EntryPoint","urlTemplate":"https:\/\/proelium.si\/en\/?s={search_term_string}"},"query-input":{"@type":"PropertyValueSpecification","valueRequired":true,"valueName":"search_term_string"}}],"inLanguage":"en-GB"},{"@type":"Organization","@id":"https:\/\/proelium.si\/en\/#organization","name":"\u0160portna agencija Proelium","url":"https:\/\/proelium.si\/en\/","logo":{"@type":"ImageObject","inLanguage":"en-GB","@id":"https:\/\/proelium.si\/en\/#\/schema\/logo\/image\/","url":"https:\/\/proelium.si\/wp-content\/uploads\/2020\/12\/Logo-Agency.png","contentUrl":"https:\/\/proelium.si\/wp-content\/uploads\/2020\/12\/Logo-Agency.png","width":1193,"height":346,"caption":"\u0160portna agencija Proelium"},"image":{"@id":"https:\/\/proelium.si\/en\/#\/schema\/logo\/image\/"},"sameAs":["https:\/\/www.facebook.com\/proeliumsportsagency","https:\/\/x.com\/proeliumagency"]}]}},"_links":{"self":[{"href":"https:\/\/proelium.si\/en\/wp-json\/wp\/v2\/pages\/11124","targetHints":{"allow":["GET"]}}],"collection":[{"href":"https:\/\/proelium.si\/en\/wp-json\/wp\/v2\/pages"}],"about":[{"href":"https:\/\/proelium.si\/en\/wp-json\/wp\/v2\/types\/page"}],"author":[{"embeddable":true,"href":"https:\/\/proelium.si\/en\/wp-json\/wp\/v2\/users\/1"}],"replies":[{"embeddable":true,"href":"https:\/\/proelium.si\/en\/wp-json\/wp\/v2\/comments?post=11124"}],"version-history":[{"count":3,"href":"https:\/\/proelium.si\/en\/wp-json\/wp\/v2\/pages\/11124\/revisions"}],"predecessor-version":[{"id":11129,"href":"https:\/\/proelium.si\/en\/wp-json\/wp\/v2\/pages\/11124\/revisions\/11129"}],"wp:featuredmedia":[{"embeddable":true,"href":"https:\/\/proelium.si\/en\/wp-json\/wp\/v2\/media\/11125"}],"wp:attachment":[{"href":"https:\/\/proelium.si\/en\/wp-json\/wp\/v2\/media?parent=11124"}],"curies":[{"name":"wp","href":"https:\/\/api.w.org\/{rel}","templated":true}]}}